{"id":45,"date":"2012-12-18T15:16:23","date_gmt":"2012-12-18T13:16:23","guid":{"rendered":"http:\/\/royalwpthemes.com\/breakingnews\/?page_id=45"},"modified":"2019-10-09T11:44:37","modified_gmt":"2019-10-09T08:44:37","slug":"contact","status":"publish","type":"page","link":"https:\/\/consul.mehmetsahinalanya.com\/tr\/contact\/","title":{"rendered":"\u0130leti\u015fim"},"content":{"rendered":"<p><strong>MEHMET \u015eAH\u0130N<\/strong> Litvanya Cumhuriyeti Alanya Fahri Konsolosu, T\u00fcrkiye<br \/>\n<div class=\"divider_two_lines\"><\/div><br \/>\n<div class=\"onehalf \" style=\"text-align:;\">\u015eekerhane Mahallesi, H\u00fck\u00fcmet Caddesi,<br \/>\nK\u00f6seo\u011flu \u0130\u015f merkezi 83\/104<br \/>\n07400 Alanya \/ Antalya<br \/>\nT\u00fcrkiye<\/div><div class=\"one_half_last \" style=\"text-align:;\">Telefon: <a href=\"tel:+902425192154\">+90 242 519 21 54<\/a> | <a href=\"tel:+902425192891\">+90 242 519 28 91<\/a><br \/>\nFaks: +90 242 513 69 07<br \/>\n<a href=\"mailto:litvanya@mehmetsahinalanya.com\">litvanya@mehmetsahinalanya.com<\/a><\/div><div class=\"clear\"><\/div><\/p>\n<p><div class=\"divider\"><\/div><br \/>\n\n<div class=\"wpcf7 no-js\" id=\"wpcf7-f1257-o2\" lang=\"tr-TR\" dir=\"ltr\">\n<div class=\"screen-reader-response\"><p role=\"status\" aria-live=\"polite\" aria-atomic=\"true\"><\/p> <ul><\/ul><\/div>\n<form action=\"\/tr\/wp-json\/wp\/v2\/pages\/45#wpcf7-f1257-o2\" method=\"post\" class=\"wpcf7-form init\" aria-label=\"Contact form\" novalidate=\"novalidate\" data-status=\"init\">\n<div style=\"display: none;\">\n<input type=\"hidden\" name=\"_wpcf7\" value=\"1257\" \/>\n<input type=\"hidden\" name=\"_wpcf7_version\" value=\"5.7.7\" \/>\n<input type=\"hidden\" name=\"_wpcf7_locale\" value=\"tr_TR\" \/>\n<input type=\"hidden\" name=\"_wpcf7_unit_tag\" value=\"wpcf7-f1257-o2\" \/>\n<input type=\"hidden\" name=\"_wpcf7_container_post\" value=\"0\" \/>\n<input type=\"hidden\" name=\"_wpcf7_posted_data_hash\" value=\"\" \/>\n<\/div>\n<div class=\"onehalf \" style=\"text-align:;\"><span class=\"wpcf7-form-control-wrap\" data-name=\"your-name\"><input size=\"40\" class=\"wpcf7-form-control wpcf7-text wpcf7-validates-as-required\" aria-required=\"true\" aria-invalid=\"false\" placeholder=\"Ad,Soyad*\" value=\"\" type=\"text\" name=\"your-name\" \/><\/span><\/div>\n<div class=\"one_half_last \" style=\"text-align:;\"><span class=\"wpcf7-form-control-wrap\" data-name=\"your-email\"><input size=\"40\" class=\"wpcf7-form-control wpcf7-text wpcf7-email wpcf7-validates-as-required wpcf7-validates-as-email\" aria-required=\"true\" aria-invalid=\"false\" placeholder=\"Email*\" value=\"\" type=\"email\" name=\"your-email\" \/><\/span><\/div><div class=\"clear\"><\/div>\n<div class=\"onefull \" style=\"text-align:;\"><span class=\"wpcf7-form-control-wrap\" data-name=\"your-subject\"><input size=\"40\" class=\"wpcf7-form-control wpcf7-text wpcf7-validates-as-required\" aria-required=\"true\" aria-invalid=\"false\" placeholder=\"Konu*\" value=\"\" type=\"text\" name=\"your-subject\" \/><\/span><\/div>\n<div class=\"onefull \" style=\"text-align:;\"><span class=\"wpcf7-form-control-wrap\" data-name=\"your-message\"><textarea cols=\"40\" rows=\"4\" class=\"wpcf7-form-control wpcf7-textarea wpcf7-validates-as-required\" aria-required=\"true\" aria-invalid=\"false\" placeholder=\"Mesaj*\" name=\"your-message\"><\/textarea><\/span><\/div> \n<input class=\"wpcf7-form-control has-spinner wpcf7-submit\" type=\"submit\" value=\"G\u00f6nder\" \/><div class=\"wpcf7-response-output\" aria-hidden=\"true\"><\/div>\n<\/form>\n<\/div>\n<\/p>","protected":false},"excerpt":{"rendered":"<p><strong>MEHMET \u015eAH\u0130N<\/strong> Litvanya Cumhuriyeti Alanya Fahri Konsolosu, T\u00fcrkiye<\/p><\/p>\n","protected":false},"author":1,"featured_media":0,"parent":0,"menu_order":0,"comment_status":"open","ping_status":"closed","template":"","meta":[],"_links":{"self":[{"href":"https:\/\/consul.mehmetsahinalanya.com\/tr\/wp-json\/wp\/v2\/pages\/45"}],"collection":[{"href":"https:\/\/consul.mehmetsahinalanya.com\/tr\/wp-json\/wp\/v2\/pages"}],"about":[{"href":"https:\/\/consul.mehmetsahinalanya.com\/tr\/wp-json\/wp\/v2\/types\/page"}],"author":[{"embeddable":true,"href":"https:\/\/consul.mehmetsahinalanya.com\/tr\/wp-json\/wp\/v2\/users\/1"}],"replies":[{"embeddable":true,"href":"https:\/\/consul.mehmetsahinalanya.com\/tr\/wp-json\/wp\/v2\/comments?post=45"}],"version-history":[{"count":4,"href":"https:\/\/consul.mehmetsahinalanya.com\/tr\/wp-json\/wp\/v2\/pages\/45\/revisions"}],"predecessor-version":[{"id":1375,"href":"https:\/\/consul.mehmetsahinalanya.com\/tr\/wp-json\/wp\/v2\/pages\/45\/revisions\/1375"}],"wp:attachment":[{"href":"https:\/\/consul.mehmetsahinalanya.com\/tr\/wp-json\/wp\/v2\/media?parent=45"}],"curies":[{"name":"wp","href":"https:\/\/api.w.org\/{rel}","templated":true}]}}