{"id":43,"date":"2012-12-18T15:16:12","date_gmt":"2012-12-18T15:16:12","guid":{"rendered":"http:\/\/royalwpthemes.com\/breakingnews\/?page_id=43"},"modified":"2019-10-15T16:54:44","modified_gmt":"2019-10-15T13:54:44","slug":"about-lithuania","status":"publish","type":"page","link":"https:\/\/consul.mehmetsahinalanya.com\/tr\/about-lithuania\/","title":{"rendered":"Litvanya Hakk\u0131nda"},"content":{"rendered":"<p><\/p>\n<h3>Ya\u015fan\u0131l\u0131r \u00dclke: Litvanya<\/h3>\n<p>Resmi olarak Litvanya Cumhuriyeti, \u00fc\u00e7 balt\u0131k \u00fclkesinden biri olup n\u00fcfusu yakla\u015f\u0131k 3.500.000 olan \u015firin, sakin ancak bir o kadar da so\u011fuk olmas\u0131yla, \u00f6zellikle \u00fclkemizden Erasmus program\u0131 vas\u0131tas\u0131yla oraya giden \u00f6\u011frencilerin aras\u0131nda nam salm\u0131\u015f bir \u00fclkedir.<div class=\"divider_space\" style=\"height: px;\"><\/div><div class=\"clear\"><\/div>B\u00fcy\u00fcleyici manzaralar\u0131, devasa yap\u0131lar\u0131 ya da gizemli tarihinden s\u00f6z edemesek de Litvanya, hemen hemen her insan\u0131n rahatl\u0131kla ayak uydurup k\u0131sa s\u00fcre i\u00e7erisinde adapte olabilece\u011fi ve \u00f6mr\u00fcn\u00fcn sonuna kadar ya\u015famak isteyebilece\u011fi bir \u00fclke.<\/p>\n<h4>7 Madde ile Bir Balt\u0131k \u00dclkesi: Litvanya!<\/h4>\n<p>Gelin, Litvanya&#8217;y\u0131 yak\u0131ndan tan\u0131yal\u0131m.<\/p>\n<h5>1. Konum ve N\u00fcfus<\/h5>\n<p><img decoding=\"async\" loading=\"lazy\" class=\"alignnone size-full wp-image-1353\" src=\"\/wp-content\/uploads\/2019\/10\/litvanya-konum.jpg\" alt=\"\" width=\"633\" height=\"432\" srcset=\"https:\/\/consul.mehmetsahinalanya.com\/wp-content\/uploads\/2019\/10\/litvanya-konum.jpg 633w, https:\/\/consul.mehmetsahinalanya.com\/wp-content\/uploads\/2019\/10\/litvanya-konum-300x205.jpg 300w\" sizes=\"(max-width: 633px) 100vw, 633px\" \/><div class=\"divider_space\" style=\"height: px;\"><\/div><div class=\"clear\"><\/div><\/p>\n<ul class=\"native\">\n<li>Litvanya, Kuzey Avrupa&#8217;da bulunan \u00fc\u00e7 balt\u0131k devletinden biridir. Kuzeyden Letonya, G\u00fcneydo\u011fudan Belarus ve Polonya, bat\u0131dan ise Rusya ile s\u0131n\u0131r kom\u015fusudur.<\/li>\n<li>2012 y\u0131l\u0131nda yap\u0131lan n\u00fcfus say\u0131m\u0131na g\u00f6re, 3.182.755 insan Litvanya&#8217;da ya\u015famaktad\u0131r. Resmi dili Litvanca, ba\u015fkent Vilnius \u015fehridir. Eski para birimi Litas olan \u00fclke, 2015 y\u0131l\u0131ndan itibaren Euro kullanmaya ba\u015flam\u0131\u015ft\u0131r.<\/li>\n<\/ul>\n<div class=\"divider\"><\/div>\n<h5>2.\u00a0\u0130klim<\/h5>\n<p><img decoding=\"async\" loading=\"lazy\" class=\"alignnone size-full wp-image-1357\" src=\"\/wp-content\/uploads\/2019\/10\/litvanya-iklim.jpg\" alt=\"\" width=\"550\" height=\"243\" srcset=\"https:\/\/consul.mehmetsahinalanya.com\/wp-content\/uploads\/2019\/10\/litvanya-iklim.jpg 550w, https:\/\/consul.mehmetsahinalanya.com\/wp-content\/uploads\/2019\/10\/litvanya-iklim-300x133.jpg 300w\" sizes=\"(max-width: 550px) 100vw, 550px\" \/><div class=\"divider_space\" style=\"height: px;\"><\/div><div class=\"clear\"><\/div><\/p>\n<ul class=\"native\">\n<li>Litvanya&#8217;n\u0131n iklimi \u0131l\u0131man ve oransal olarak hafif karasal iklim aras\u0131ndad\u0131r. Ocak ay\u0131nda ba\u015fkent Vilnius&#8217;un ortalama s\u0131cakl\u0131\u011f\u0131 -6 derece iken, Temmuz ay\u0131nda bu s\u0131cakl\u0131k 16 dereceye y\u00fckselir. Litvanya&#8217;n\u0131n k\u0131\u015f\u0131 ise \u00e7ok serttir. Ortalama de\u011fer -20 dereceye kadar d\u00fc\u015fer. \u00dclkede en d\u00fc\u015f\u00fck s\u0131cakl\u0131k -43 derece olarak \u00f6l\u00e7\u00fclm\u00fc\u015ft\u00fcr.<\/li>\n<\/ul>\n<div class=\"divider\"><\/div>\n<h5>3. Ba\u015fkent: Vilnius<\/h5>\n<p><img decoding=\"async\" loading=\"lazy\" class=\"alignnone size-full wp-image-1361\" src=\"\/wp-content\/uploads\/2019\/10\/litvanya-baskent.jpg\" alt=\"\" width=\"635\" height=\"384\" srcset=\"https:\/\/consul.mehmetsahinalanya.com\/wp-content\/uploads\/2019\/10\/litvanya-baskent.jpg 635w, https:\/\/consul.mehmetsahinalanya.com\/wp-content\/uploads\/2019\/10\/litvanya-baskent-300x181.jpg 300w\" sizes=\"(max-width: 635px) 100vw, 635px\" \/><div class=\"divider_space\" style=\"height: px;\"><\/div><div class=\"clear\"><\/div><\/p>\n<ul class=\"native\">\n<li>Ba\u015fkent Vilnius, ayn\u0131 zamanda Litvanya Cumhuriyetinin en b\u00fcy\u00fck \u015fehridir. 555.000 n\u00fcfuslu \u015fehrin, eski \u015fehir b\u00f6l\u00fcm\u00fc D\u00fcnya Miras Listesinde yer almaktad\u0131r. 1920-1939 y\u0131llar\u0131 aras\u0131nda Polonya&#8217;n\u0131n egemenli\u011fi alt\u0131nda kalan \u015fehirde, 1.500 kadar tarihi eser mevcuttur.<\/li>\n<li>Toplam 103 \u015fehre sahip olan Litvanyan\u0131n en d\u00fc\u015f\u00fck n\u00fcfusa sahip \u015fehri ise Panemune. N\u00fcfusu 324 ki\u015fidir.<\/li>\n<\/ul>\n<div class=\"divider\"><\/div>\n<h5>4. Ula\u015f\u0131m<\/h5>\n<p><img decoding=\"async\" loading=\"lazy\" class=\"alignnone size-full wp-image-1363\" src=\"\/wp-content\/uploads\/2019\/10\/litvanya-ulasim.jpg\" alt=\"\" width=\"621\" height=\"414\" srcset=\"https:\/\/consul.mehmetsahinalanya.com\/wp-content\/uploads\/2019\/10\/litvanya-ulasim.jpg 621w, https:\/\/consul.mehmetsahinalanya.com\/wp-content\/uploads\/2019\/10\/litvanya-ulasim-300x200.jpg 300w\" sizes=\"(max-width: 621px) 100vw, 621px\" \/><div class=\"divider_space\" style=\"height: px;\"><\/div><div class=\"clear\"><\/div><\/p>\n<ul class=\"native\">\n<li>Litvanya&#8217;da hem \u015fahsi arabalar\u0131n\u0131 hem de toplu ta\u015f\u0131ma ara\u00e7lar\u0131n\u0131 kullananlar i\u00e7in ula\u015f\u0131m rahat ve kolayd\u0131r. Otob\u00fcs, elektrikli otob\u00fcs ve minib\u00fcsler olduk\u00e7a fazla say\u0131da ve ilk kez binmi\u015f olman\u0131za ra\u011fmen inece\u011finiz dura\u011f\u0131 rahatl\u0131kla bulman\u0131z\u0131 sa\u011flayan sistemlere sahiptir. Otob\u00fcse biner, paran\u0131z\u0131 verir ve fi\u015finizi al\u0131rs\u0131n\u0131z. Uyan\u0131kl\u0131k yap\u0131p para vermemek de serbest. Ancak g\u00fcnde 5-6 kez fi\u015f kontrol\u00fc yapan polislere denk gelirseniz vay halinize \ud83d\ude42<\/li>\n<li>Litvanyadan \u00e7\u0131k\u0131p ba\u015fka bir \u00fclkeye gitmek isterseniz de \u00f6n\u00fcn\u00fczde iki se\u00e7enek oluyor. U\u00e7ak ve otob\u00fcs. Ucuz hava yolu \u015firketleri mevcut Avrupa&#8217;da. Hele bir de promosyonlu bilet kaparsan\u0131z demeyin keyfinize. Ayn\u0131 zamanda belli ba\u015fl\u0131 otob\u00fcs firmalar\u0131 ile de Londra&#8217;ya bile gidebilirsiniz uygun fiyatlarla..<\/li>\n<\/ul>\n<div class=\"divider\"><\/div>\n<h5>5. Maddi \u015eartlar<\/h5>\n<p><img decoding=\"async\" loading=\"lazy\" class=\"alignnone size-full wp-image-1365\" src=\"\/wp-content\/uploads\/2019\/10\/litvanya-maddi_sartlar.jpg\" alt=\"\" width=\"635\" height=\"476\" srcset=\"https:\/\/consul.mehmetsahinalanya.com\/wp-content\/uploads\/2019\/10\/litvanya-maddi_sartlar.jpg 635w, https:\/\/consul.mehmetsahinalanya.com\/wp-content\/uploads\/2019\/10\/litvanya-maddi_sartlar-300x225.jpg 300w\" sizes=\"(max-width: 635px) 100vw, 635px\" \/><div class=\"divider_space\" style=\"height: px;\"><\/div><div class=\"clear\"><\/div><\/p>\n<ul class=\"native\">\n<li>Litvanya&#8217;da ya\u015fam \u015fartlar\u0131, \u00fc\u00e7 a\u015fa\u011f\u0131 be\u015f yukar\u0131 \u00fclkemizle ayn\u0131. Ula\u015f\u0131m ucuz ve \u00f6\u011frencilere ciddi kolayl\u0131klar sa\u011flan\u0131yor. Yiyecekler ise biraz farkl\u0131l\u0131k g\u00f6sterebiliyor. Dana etinin kilosu TL baz\u0131nda 15 lira civar\u0131nda. Tavuk eti ise \u00fclkemizden daha pahal\u0131. Onun d\u0131\u015f\u0131nda marketlerde sebze ve meyvelerin fiyat\u0131 el yakan cinsten. Haftan\u0131n belli g\u00fcnleri kurulan pazarlardan, \u00e7ok daha ucuz fiyata alabiliyoruz ihtiya\u00e7lar\u0131m\u0131z\u0131. Alkoll\u00fc i\u00e7ecekler ise sudan ucuz deyim yerindeyse. \u00dclkemizdeki fiyatlar\u0131n\u0131n 3-4 kat alt\u0131ndalar hatta. Orada da gece saat 10 dan sonra alkol sat\u0131\u015f\u0131 yasak.<\/li>\n<li>\u0130ki tane b\u00fcy\u00fck market zinciri var Litvanya&#8217;da. Onun d\u0131\u015f\u0131nda sokaklarda her 500-600 metrede bir kar\u015f\u0131la\u015fabilece\u011fimiz b\u00fcfeler mevcut. Marketlerde, b\u00fcfelerde hatta makinelerde T\u00fcrk mal\u0131 yiyecekleri g\u00f6rmeniz m\u00fcmk\u00fcn. Ba\u015fkent Vilnius&#8217;da \u0130brahim Center isimli marketten de g\u00f6n\u00fcl rahatl\u0131\u011f\u0131yla al\u0131\u015fveri\u015f yapabilirsiniz.<\/li>\n<\/ul>\n<div class=\"divider\"><\/div>\n<h5>6. Spor<\/h5>\n<p><img decoding=\"async\" loading=\"lazy\" class=\"alignnone size-full wp-image-1367\" src=\"\/wp-content\/uploads\/2019\/10\/litvanya-spor.jpg\" alt=\"\" width=\"635\" height=\"479\" srcset=\"https:\/\/consul.mehmetsahinalanya.com\/wp-content\/uploads\/2019\/10\/litvanya-spor.jpg 635w, https:\/\/consul.mehmetsahinalanya.com\/wp-content\/uploads\/2019\/10\/litvanya-spor-300x226.jpg 300w\" sizes=\"(max-width: 635px) 100vw, 635px\" \/><div class=\"divider_space\" style=\"height: px;\"><\/div><div class=\"clear\"><\/div><\/p>\n<ul class=\"native\">\n<li>Bu \u00fclkede spor=basketbol. Zaten \u00fclkeyi d\u00fcnyaya tan\u0131tan \u015feylerin ba\u015f\u0131nda basketbol geliyor. \u00dclkedeki insanlara bakt\u0131\u011f\u0131n\u0131zda zaten anl\u0131yorsunuz hemen boylar\u0131ndan. Boy ortalamas\u0131 1.85 cm olan bir \u00fclkeden bahsediyoruz. T\u00fcrkiye&#8217;den de yolu ge\u00e7mi\u015f bir \u00e7ok Litvanyal\u0131 basketbol y\u0131ld\u0131z\u0131 var. O nedenle onlar da bizim \u00fclkemizin basketbol tak\u0131mlar\u0131n\u0131 iyi biliyorlar. \u00dclkenin en itibarl\u0131 tak\u0131m\u0131 Zalgiris Kaunas. Zalgiris Arena&#8217;da ma\u00e7lar\u0131n\u0131 oynayan tak\u0131m\u0131 izlemek ise olduk\u00e7a ucuz. Bizim param\u0131zla 10 lira kar\u015f\u0131l\u0131\u011f\u0131nda, keyifli bir Euro League ma\u00e7\u0131 izleyebilirsiniz.<\/li>\n<\/ul>\n<div class=\"divider\"><\/div>\n<h5>7. Gezilecek Yerler<\/h5>\n<p><img decoding=\"async\" loading=\"lazy\" class=\"alignnone size-full wp-image-1368\" src=\"\/wp-content\/uploads\/2019\/10\/litvanya-gezilecek_yerler.jpg\" alt=\"\" width=\"635\" height=\"350\" srcset=\"https:\/\/consul.mehmetsahinalanya.com\/wp-content\/uploads\/2019\/10\/litvanya-gezilecek_yerler.jpg 635w, https:\/\/consul.mehmetsahinalanya.com\/wp-content\/uploads\/2019\/10\/litvanya-gezilecek_yerler-300x165.jpg 300w\" sizes=\"(max-width: 635px) 100vw, 635px\" \/><div class=\"divider_space\" style=\"height: px;\"><\/div><div class=\"clear\"><\/div><\/p>\n<ul class=\"native\">\n<li>Litvanya&#8217;ya gidip s\u00f6yleyece\u011fimiz yerlere gitmemek olmaz. Ba\u015fkent Vilnius ile ba\u015flarsak; St Peter kilisesi, \u015fehrin simgesi konumunda. Tabii ki Old Town mutlaka g\u00f6r\u00fclmeli. Siauliai \u015fehrindeki Hill of Crosses, listenizde yer almas\u0131 gereken bir de\u011fer mekan.<\/li>\n<li>Kaunas \u015fehrine de u\u011framal\u0131s\u0131n\u0131z mutlaka. Old Town, kiliseler, m\u00fczeler ger\u00e7ekten etkileyici. Christ&#8217;s Resurrection Kilisesi, \u015fehrin g\u00fczel manzaras\u0131n\u0131 g\u00f6rme imkan\u0131 sa\u011fl\u0131yor. Onun d\u0131\u015f\u0131nda bir de Botanik Park var ki sormay\u0131n. Ye\u015fil severler i\u00e7in harika bir ortam. Sadece orada 1 g\u00fcn\u00fcn\u00fcz\u00fc ge\u00e7irebilirsiniz.<\/li>\n<li>Ancak bir kale var ki \u00fclkenin simgesi adeta. Foto\u011frafta da g\u00f6rd\u00fc\u011f\u00fcn\u00fcz gibi e\u015fsiz g\u00fczelli\u011fe sahip bu kale, Trakai Kalesi olarak ge\u00e7iyor ve Trakai \u015fehrinde bulunuyor. Renkli g\u00f6r\u00fcnt\u00fcs\u00fc, onlarca foto\u011fraf \u00e7ekmek isteyece\u011finiz manzaras\u0131 ve tarih kokan i\u00e7 mekan\u0131yla sizin de favoriniz Trakai Kalesi olabilir.<\/li>\n<\/ul>\n<p><\/p>","protected":false},"excerpt":{"rendered":"<\/p>\n<p> Ya\u015fan\u0131l\u0131r \u00dclke: Litvanya <\/p>\n<p>Resmi olarak Litvanya Cumhuriyeti, \u00fc\u00e7 balt\u0131k \u00fclkesinden biri olup n\u00fcfusu yakla\u015f\u0131k 3.500.000 olan \u015firin, sakin ancak bir o kadar<\/p>\n","protected":false},"author":1,"featured_media":1344,"parent":0,"menu_order":0,"comment_status":"open","ping_status":"open","template":"","meta":[],"_links":{"self":[{"href":"https:\/\/consul.mehmetsahinalanya.com\/tr\/wp-json\/wp\/v2\/pages\/43"}],"collection":[{"href":"https:\/\/consul.mehmetsahinalanya.com\/tr\/wp-json\/wp\/v2\/pages"}],"about":[{"href":"https:\/\/consul.mehmetsahinalanya.com\/tr\/wp-json\/wp\/v2\/types\/page"}],"author":[{"embeddable":true,"href":"https:\/\/consul.mehmetsahinalanya.com\/tr\/wp-json\/wp\/v2\/users\/1"}],"replies":[{"embeddable":true,"href":"https:\/\/consul.mehmetsahinalanya.com\/tr\/wp-json\/wp\/v2\/comments?post=43"}],"version-history":[{"count":4,"href":"https:\/\/consul.mehmetsahinalanya.com\/tr\/wp-json\/wp\/v2\/pages\/43\/revisions"}],"predecessor-version":[{"id":1428,"href":"https:\/\/consul.mehmetsahinalanya.com\/tr\/wp-json\/wp\/v2\/pages\/43\/revisions\/1428"}],"wp:featuredmedia":[{"embeddable":true,"href":"https:\/\/consul.mehmetsahinalanya.com\/tr\/wp-json\/wp\/v2\/media\/1344"}],"wp:attachment":[{"href":"https:\/\/consul.mehmetsahinalanya.com\/tr\/wp-json\/wp\/v2\/media?parent=43"}],"curies":[{"name":"wp","href":"https:\/\/api.w.org\/{rel}","templated":true}]}}