{"id":42,"date":"2012-12-18T15:15:54","date_gmt":"2012-12-18T15:15:54","guid":{"rendered":"http:\/\/royalwpthemes.com\/breakingnews\/?page_id=42"},"modified":"2019-10-08T21:15:25","modified_gmt":"2019-10-08T18:15:25","slug":"lithuanian-visa","status":"publish","type":"page","link":"https:\/\/consul.mehmetsahinalanya.com\/tr\/lithuanian-visa\/","title":{"rendered":"Litvanya Vizesi"},"content":{"rendered":"<p><\/p>\n<h4>Litvanya B\u00fcy\u00fckel\u00e7ili\u011fi vize ko\u015fullar\u0131<\/h4>\n<div class=\"text\">\n<p>Litvanya Cumhuriyeti\u2018ne ger\u00e7ekle\u015ftirilecek seyahatler i\u00e7in vizeler Ankara&#8217;da bulunan Litvanya Cumhuriyeti B\u00fcy\u00fckel\u00e7ili\u011fi Konsolosluk B\u00f6l\u00fcm\u00fc taraf\u0131ndan d\u00fczenlenmektedir. \u00d6zel, diplomatik veya hizmet pasaportuna sahip T\u00fcrk vatanda\u015flar\u0131 Litvanya\u2018ya vizesiz giri\u015f yapabilmektedirler (6 ay i\u00e7erisinde 90 g\u00fcn\u00fc a\u015fmamak \u015fart\u0131 ile). <strong>Ulusal pasaport sahiplerine uygulanacak vize i\u00e7in ba\u015fvuruda B\u00fcy\u00fckel\u00e7ili\u011fimizin Konsolosluk b\u00f6l\u00fcm\u00fcne sunulmas\u0131 gereken belgeler a\u015fa\u011f\u0131da belirtilmi\u015f olup, seyahat amac\u0131na g\u00f6re de\u011fi\u015fiklik g\u00f6stermektedir:<\/strong><\/p>\n<p><strong>L\u00fctfen dikkat: <\/strong><\/p>\n<p><strong>A\u015fa\u011f\u0131da yer alan belgeler, ba\u015fvuru tarihinden en fazla 1 hafta \u00f6ncesine kadar g\u00fcncel olmak durumundad\u0131r. Daha eski belgeler kabul edilmemektedir.<\/strong><\/p>\n<p><strong>Baz\u0131 istisnai durumlarda B\u00fcy\u00fckel\u00e7ilik, a\u015fa\u011f\u0131daki belirtilenlere ek olarak ba\u015fka belgelerin de sunulmas\u0131n\u0131 talep edebilir. <\/strong><\/p>\n<p><strong>Vize ba\u015fvurusu olumsuz sonu\u00e7lanan veya vize ba\u015fvurular\u0131n\u0131 geri \u00e7eken ba\u015fvuru sahiplerine, vize ba\u015fvuru \u00fccretleri iade edilmemektedir. <\/strong><\/p>\n<p><strong>Vize ba\u015fvuru \u00fccretleri sadece B\u00fcy\u00fckel\u00e7ili\u011fin belirtmi\u015f oldu\u011fu banka hesab\u0131na (<a href=\"https:\/\/tr.mfa.lt\/tr\/tr\/konsolosluk-bilgileri\/vize\/konsolosluk-ucretlerinin-odemesi\" target=\"_blank\" rel=\"noopener noreferrer\">http:\/\/tr.mfa.lt\/tr\/tr\/konsolosluk-bilgileri\/vize\/konsolosluk-ucretlerinin-odemesi<\/a> ) yat\u0131r\u0131lmas\u0131 gerekmektedir. Ayr\u0131ca, ba\u015fvuru \u00fccretinin yat\u0131r\u0131ld\u0131\u011f\u0131na dair banka dekontunun \u00e7\u0131kt\u0131s\u0131 da di\u011fer vize evraklar\u0131 ile birlikte ba\u015fvuru esnas\u0131nda sunulmas\u0131 gerekmektedir.<\/strong><\/p>\n<p><strong>Vize ba\u015fvurular\u0131, B\u00fcy\u00fckel\u00e7ilik taraf\u0131ndan i\u015fleme al\u0131nd\u0131\u011f\u0131 g\u00fcn itibariyle 15 takvim g\u00fcn\u00fc i\u00e7erisinde neticelendirilebilir. Ancak baz\u0131 durumlarda bu s\u00fcre\u00e7 30 veya 60 g\u00fcne kadar da uzat\u0131labilir.<\/strong><\/p>\n<ol style=\"list-style-type: upper-alpha;\">\n<li>\n<h3>Turizm:<\/h3>\n<\/li>\n<\/ol>\n<p>&#8211; Pasaport (Pasaport, Litvanya&#8217;dan ayr\u0131l\u0131\u015f tarihinden itibaren en az 3 ay daha ge\u00e7erlilik s\u00fcresine sahip olmal\u0131 ve pasaport 10 y\u0131ldan eski olmamal\u0131d\u0131r),<\/p>\n<p>&#8211; Schengen vizesi ba\u015fvuru formu (<a href=\"https:\/\/visa.vrm.lt\/epm\/pages\/applications\/applicationEdit.xhtml\" target=\"_blank\" rel=\"noopener noreferrer\">ON-LINE<\/a> olarak doldurulmu\u015f, t\u00fcm sayfalar\u0131n \u00e7\u0131kt\u0131s\u0131 al\u0131nm\u0131\u015f, her bir sayfa imzalanm\u0131\u015f ve z\u0131mbalanm\u0131\u015f olmal\u0131d\u0131r),<\/p>\n<p>&#8211; Vize ba\u015fvuru \u00fccreti 60 Euro,<\/p>\n<p>&#8211; T\u00fcm Schengen \u00fclkelerinde ve planlanan seyahat s\u00fcreci boyunca ge\u00e7erli ve en az 30.000 Euro teminatl\u0131 uluslararas\u0131 seyahat sa\u011fl\u0131k sigortas\u0131 asl\u0131,<\/p>\n<p>&#8211; Bir adet 35&#215;45 mm boyutunda arkas\u0131 beyaz fonlu ve son 3 ay i\u00e7erisinde \u00e7ekilmi\u015f biyometrik foto\u011fraf,<\/p>\n<p>&#8211; Seyahat s\u00fcresini kapsayan, konaklayacak ki\u015finin ad\u0131 ve soyad\u0131 bulunan, rezervasyon kodu ve otel bilgilerinin yer ald\u0131\u011f\u0131 otel rezervasyonu (farkl\u0131 \u00fclkelere olan seyahatler i\u00e7in, gidilecek \u00fclkelere ait otel rezervasyonlar\u0131),<\/p>\n<p>&#8211; Gidi\u015f ve d\u00f6n\u00fc\u015f seyahat s\u00fcrelerini kapsayan ve rezervasyon kodu bulunan ge\u00e7erli u\u00e7ak rezervasyonu (farkl\u0131 \u00fclkelere ge\u00e7i\u015f yap\u0131lacak ise kullan\u0131lacak ula\u015f\u0131m arac\u0131na ait bilgiler),<\/p>\n<p>&#8211; Ba\u015fvuru sahibi masraflar\u0131n\u0131 kendisi kar\u015f\u0131layacak ise, ki\u015finin son 3 ayl\u0131k hareketleri g\u00f6steren ve yeterli bakiyesi bulunan (Litvanya\u2018da kal\u0131nacak g\u00fcn ba\u015f\u0131na 40 Euro) imzal\u0131 ve ka\u015feli banka hesap c\u00fczdan\u0131 veya \u00f6zeti asl\u0131,<\/p>\n<p>&#8211; Ba\u015fvuru sahibi \u00f6\u011frenci veya \u00e7al\u0131\u015fm\u0131yor ise ve seyahat masraflar\u0131 ba\u015fka ki\u015filer taraf\u0131ndan kar\u015f\u0131lanacak ise; sponsor taraf\u0131ndan noter onayl\u0131 &#8220;Taahh\u00fctname&#8221; asl\u0131 ile birlikte ki\u015finin seyahat masraflar\u0131n\u0131 kar\u015f\u0131lamaya yetecek bakiyeli (g\u00fcn ba\u015f\u0131na 40 Euro), g\u00fcncel, imzal\u0131 ve ka\u015feli banka hesab\u0131 asl\u0131,<\/p>\n<p>&#8211; Ba\u015fvuran ki\u015fi \u00e7al\u0131\u015fan veya \u015firket sahibi ise; \u015firketin ticaret odas\u0131 kay\u0131t sureti, faaliyet belgesi, vergi levhas\u0131 ve sicil gazetesinin kopyas\u0131,<\/p>\n<p>&#8211; Ba\u015fvuran ki\u015fi \u00e7al\u0131\u015fan, \u015firket sahibi veya i\u015fsiz ise; SGK hizmet d\u00f6k\u00fcm\u00fc,<\/p>\n<p>&#8211; Ba\u015fvuran ki\u015fi \u00e7al\u0131\u015fan ise; imzal\u0131 ve ka\u015feli SGK i\u015fe giri\u015f bildirgesi ve son 3 aya ait maa\u015f bordrosu,<\/p>\n<p>&#8211; Ba\u015fvuran ki\u015fi \u00e7al\u0131\u015fan veya \u015firket sahibi ise; \u015firketin antetli ka\u011f\u0131d\u0131na yaz\u0131lm\u0131\u015f imzal\u0131, ka\u015feli izin onay\u0131,<\/p>\n<p>&#8211; Ba\u015fvuran ki\u015fi \u00f6\u011frenci ise; okulundan al\u0131nm\u0131\u015f g\u00fcncel \u00f6\u011frenci belgesi asl\u0131 (e-devlet kabul edilebilir),<\/p>\n<p>&#8211; T\u00fcrk vatanda\u015f\u0131 olmayanlar i\u00e7in \u00fclkeye d\u00f6n\u00fc\u015ften itibaren en az 3 ay daha ge\u00e7erli olan T\u00fcrkiye\u2019de oturma veya \u00e7al\u0131\u015fma izni fotokopisi,<\/p>\n<p>&#8211; Pasaportta ki\u015finin bilgilerinin yer ald\u0131\u011f\u0131 sayfan\u0131n ve son 3 y\u0131lda al\u0131nm\u0131\u015f Schengen vizelerinin fotokopisi,<\/p>\n<p>&#8211; Re\u015fit olmayanlar i\u00e7in ebeveynlerinin noter tasdikli izin belgesi asl\u0131 (Muvafakatname),<\/p>\n<p>&#8211; Ba\u015fvuru sahibi \u00e7al\u0131\u015fm\u0131yor ise, N\u00fcfus M\u00fcd\u00fcrl\u00fc\u011f\u00fc\u2018nden onayl\u0131 n\u00fcfus kay\u0131t \u00f6rne\u011fi asl\u0131.<\/p>\n<ol style=\"list-style-type: upper-alpha;\">\n<li value=\"2\">\n<h3>Aile veya arkada\u015f ziyareti:<\/h3>\n<\/li>\n<\/ol>\n<p>&#8211; Pasaport (Pasaport, Litvanya&#8217;dan ayr\u0131l\u0131\u015f tarihinden itibaren en az 3 ay daha ge\u00e7erlilik s\u00fcresine sahip olmal\u0131 ve pasaport 10 y\u0131ldan eski olmamal\u0131d\u0131r),<\/p>\n<p>&#8211; Schengen vizesi ba\u015fvuru formu (<a href=\"https:\/\/visa.vrm.lt\/epm\/pages\/applications\/applicationEdit.xhtml\" target=\"_blank\" rel=\"noopener noreferrer\">ON-LINE<\/a> olarak doldurulmu\u015f, t\u00fcm sayfalar\u0131n \u00e7\u0131kt\u0131s\u0131 al\u0131nm\u0131\u015f, her bir sayfa imzalanm\u0131\u015f ve z\u0131mbalanm\u0131\u015f olmal\u0131d\u0131r),<\/p>\n<p>&#8211; Vize ba\u015fvuru \u00fccreti 60 Euro,<\/p>\n<p>&#8211; T\u00fcm Schengen \u00fclkelerinde ve planlanan seyahat s\u00fcreci boyunca ge\u00e7erli ve en az 30.000 EURO teminatl\u0131 uluslararas\u0131 seyahat sa\u011fl\u0131k sigortas\u0131,<\/p>\n<p>&#8211; Bir adet 35&#215;45 mm boyutunda arkas\u0131 beyaz fonlu ve son 3 ay i\u00e7erisinde \u00e7ekilmi\u015f biyometrik foto\u011fraf,<\/p>\n<p>&#8211; Litvanya Polis G\u00f6\u00e7 Birimi taraf\u0131ndan onaylanm\u0131\u015f elektronik davetiye kodu ve \u00e7\u0131kt\u0131s\u0131,<\/p>\n<p>&#8211; Ba\u015fvuran masraflar\u0131n\u0131 kendisi kar\u015f\u0131layacak ise, ki\u015finin son 3 ayl\u0131k hareketleri g\u00f6steren ve yeterli bakiyesi bulunan (Litvanya\u2018da kal\u0131nacak g\u00fcn ba\u015f\u0131na 20 Euro) imzal\u0131 ve ka\u015feli banka hesap c\u00fczdan\u0131 asl\u0131,<\/p>\n<p>&#8211; Gidi\u015f ve d\u00f6n\u00fc\u015f seyahat s\u00fcrelerini kapsayan ve rezervasyon kodu bulunan ge\u00e7erli u\u00e7ak rezervasyonu (farkl\u0131 \u00fclkelere ge\u00e7i\u015f yap\u0131lacak ise kullan\u0131lacak ula\u015f\u0131m arac\u0131na ait bilgiler),<\/p>\n<p>&#8211; Ba\u015fvuru sahibi \u00f6\u011frenci veya \u00e7al\u0131\u015fm\u0131yor ise ve seyahat masraflar\u0131 ba\u015fka ki\u015filer taraf\u0131ndan kar\u015f\u0131lanacak ise; sponsor taraf\u0131ndan noter onayl\u0131 &#8220;Taahh\u00fctname&#8221; asl\u0131 ile birlikte ki\u015finin seyahat masraflar\u0131n\u0131 kar\u015f\u0131lamaya yetecek bakiyeli (g\u00fcn ba\u015f\u0131na 20 Euro), g\u00fcncel, imzal\u0131 ve ka\u015feli banka hesab\u0131 asl\u0131,<\/p>\n<p>&#8211; Ba\u015fvuran ki\u015fi \u00e7al\u0131\u015fan veya \u015firket sahibi ise; \u015firketin ticaret odas\u0131 kay\u0131t sureti, faaliyet belgesi, vergi levhas\u0131 ve sicil gazetesinin kopyas\u0131,<\/p>\n<p>&#8211; Ba\u015fvuran ki\u015fi \u00e7al\u0131\u015fan, \u015firket sahibi veya i\u015fsiz ise; SGK hizmet d\u00f6k\u00fcm\u00fc,<\/p>\n<p>&#8211; Ba\u015fvuran ki\u015fi \u00e7al\u0131\u015fan ise; imzal\u0131 ve ka\u015feli SGK i\u015fe giri\u015f bildirgesi ve son 3 aya ait maa\u015f bordrosu,<\/p>\n<p>&#8211; Ba\u015fvuran ki\u015fi \u00e7al\u0131\u015fan veya \u015firket sahibi ise; \u015firketin antetli ka\u011fd\u0131na yaz\u0131lm\u0131\u015f imzal\u0131, ka\u015feli izin onay\u0131,<\/p>\n<p>&#8211; Ba\u015fvuran ki\u015fi \u00f6\u011frenci ise; okulundan al\u0131nm\u0131\u015f g\u00fcncel \u00f6\u011frenci belgesi asl\u0131 (e-devlet kabul edilebilir),<\/p>\n<p>&#8211; T\u00fcrk vatanda\u015f\u0131 olmayanlar i\u00e7in \u00fclkeye d\u00f6n\u00fc\u015ften itibaren en az 3 ay daha ge\u00e7erli olan T\u00fcrkiye\u2019de oturma veya \u00e7al\u0131\u015fma izni fotokopisi,<\/p>\n<p>&#8211; Pasaportta ki\u015finin bilgilerinin yer ald\u0131\u011f\u0131 sayfan\u0131n ve son 3 y\u0131lda al\u0131nm\u0131\u015f Schengen vizelerinin fotokopisi,<\/p>\n<p>&#8211; Re\u015fit olmayanlar i\u00e7in ebeveynlerinin noter tasdikli izin belgesi asl\u0131 (Muvafakatname),<\/p>\n<p>&#8211; Ba\u015fvuru sahibi \u00e7al\u0131\u015fm\u0131yor ise, N\u00fcfus M\u00fcd\u00fcrl\u00fc\u011f\u00fc\u2018nden onayl\u0131 n\u00fcfus kay\u0131t \u00f6rne\u011fi asl\u0131.<\/p>\n<ol style=\"list-style-type: upper-alpha;\">\n<li value=\"3\">\n<h3>Litvanya vatanda\u015flar\u0131n\u0131n e\u015f ve \u00e7ocuklar\u0131 i\u00e7in Schengen vizesi ba\u015fvuru ko\u015fullar\u0131:<\/h3>\n<\/li>\n<\/ol>\n<p>&#8211; Pasaport (Pasaport, Litvanya&#8217;dan ayr\u0131l\u0131\u015f tarihinden itibaren en az 3 ay daha ge\u00e7erlilik s\u00fcresine sahip olmal\u0131 ve 10 y\u0131ldan eski olmamal\u0131d\u0131r),<\/p>\n<p>&#8211; Schengen vizesi ba\u015fvuru formu (<a href=\"https:\/\/visa.vrm.lt\/epm\/pages\/applications\/applicationEdit.xhtml\" target=\"_blank\" rel=\"noopener noreferrer\">ON-LINE<\/a> olarak doldurulmu\u015f, t\u00fcm sayfalar\u0131n \u00e7\u0131kt\u0131s\u0131 al\u0131nm\u0131\u015f, her bir sayfa imzalanm\u0131\u015f ve z\u0131mbalanm\u0131\u015f olmal\u0131d\u0131r),<\/p>\n<p>&#8211; T\u00fcm Schengen \u00fclkelerinde ve planlanan seyahat s\u00fcreci boyunca ge\u00e7erli, en az 30.000 EURO teminatl\u0131 uluslararas\u0131 seyahat sa\u011fl\u0131k sigortas\u0131,<\/p>\n<p>&#8211; Bir adet 35&#215;45 mm boyutunda arkas\u0131 beyaz fonlu ve son 3 ay i\u00e7erisinde \u00e7ekilmi\u015f biyometrik foto\u011fraf,<\/p>\n<p>&#8211; Gidi\u015f ve d\u00f6n\u00fc\u015f seyahat s\u00fcrelerini kapsayan ve rezervasyon kodu bulunan ge\u00e7erli u\u00e7ak rezervasyonu (farkl\u0131 \u00fclkelere ge\u00e7i\u015f yap\u0131lacak ise kullan\u0131lacak ula\u015f\u0131m arac\u0131na ait bilgiler),<\/p>\n<p>&#8211; Litvanya vatanda\u015f\u0131 olan e\u015fin (veya annenin) pasaport fotokopisi<\/p>\n<p>&#8211; Litvanya vatanda\u015f\u0131 taraf\u0131ndan, ba\u015fvuru sahibine vize verilmesine ili\u015fkin Litvanya Cumhuriyeti B\u00fcy\u00fckel\u00e7ili\u011fi\u2018ne ithafen yaz\u0131lacak Litvanya dilindeki dilek\u00e7e,<\/p>\n<p>&#8211; Litvanya Cumhuriyeti makamlar\u0131 taraf\u0131ndan d\u00fczenlenmi\u015f evlilik c\u00fczdan\u0131 veya belgesi (\u00e7ocuklar i\u00e7in do\u011fum belgesi) Not: Evlilik ya da do\u011fum, Litvanya\u2018da hen\u00fcz kay\u0131tl\u0131 de\u011fil ise, N\u00fcfus M\u00fcd\u00fcrl\u00fc\u011f\u00fc taraf\u0131ndan d\u00fczenlenen Form\u00fcl B (e\u015fler i\u00e7in) veya Form\u00fcl A (\u00e7ocuklar i\u00e7in) belgeleri de kabul edilebilir.<\/p>\n<h3>D. Ticari:<\/h3>\n<p>&#8211; Pasaport (Pasaport, Litvanya&#8217;dan ayr\u0131l\u0131\u015f tarihinden itibaren en az 3 ay daha ge\u00e7erlilik s\u00fcresine sahip olmal\u0131 ve pasaport 10 y\u0131ldan eski olmamal\u0131d\u0131r),<\/p>\n<p>&#8211; Schengen vizesi ba\u015fvuru formu (<a href=\"https:\/\/visa.vrm.lt\/epm\/pages\/applications\/applicationEdit.xhtml\" target=\"_blank\" rel=\"noopener noreferrer\">ON-LINE<\/a> olarak doldurulmu\u015f, t\u00fcm sayfalar\u0131n \u00e7\u0131kt\u0131s\u0131 al\u0131nm\u0131\u015f, her bir sayfa imzalanm\u0131\u015f ve z\u0131mbalanm\u0131\u015f olmal\u0131d\u0131r),<\/p>\n<p>&#8211; Vize ba\u015fvuru \u00fccreti 60 Euro,<\/p>\n<p>&#8211; T\u00fcm Schengen \u00fclkelerinde ve planlanan seyahat s\u00fcreci boyunca ge\u00e7erli ve en az 30.000 EURO teminatl\u0131 uluslararas\u0131 seyahat sa\u011fl\u0131k sigortas\u0131,<\/p>\n<p>&#8211; Bir adet 35&#215;45 mm boyutunda arkas\u0131 beyaz fonlu ve son 3 ay i\u00e7erisinde \u00e7ekilmi\u015f biyometrik foto\u011fraf,<\/p>\n<p>&#8211; Litvanya Polis G\u00f6\u00e7 Birimi taraf\u0131ndan onaylanm\u0131\u015f elektronik davetiye kodu ve \u00e7\u0131kt\u0131s\u0131,<\/p>\n<p>&#8211; Ba\u015fvuran masraflar\u0131n\u0131 kendisi kar\u015f\u0131layacak ise, ki\u015finin son 3 ayl\u0131k hareketleri g\u00f6steren ve yeterli bakiyesi bulunan (Litvanya\u2018da kal\u0131nacak g\u00fcn ba\u015f\u0131na 20 Euro) imzal\u0131 ve ka\u015feli banka hesap c\u00fczdan\u0131 asl\u0131,<\/p>\n<p>&#8211; Gidi\u015f ve d\u00f6n\u00fc\u015f seyahat s\u00fcrelerini kapsayan ve rezervasyon kodu bulunan ge\u00e7erli u\u00e7ak rezervasyonu,<\/p>\n<p>&#8211; Ba\u015fvuru sahibi \u00f6\u011frenci veya \u00e7al\u0131\u015fm\u0131yor ise ve seyahat masraflar\u0131 ba\u015fka ki\u015filer taraf\u0131ndan kar\u015f\u0131lanacak ise; sponsor taraf\u0131ndan noter onayl\u0131 &#8220;Taahh\u00fctname&#8221; asl\u0131 ile birlikte ki\u015finin seyahat masraflar\u0131n\u0131 kar\u015f\u0131lamaya yetecek bakiyeli (g\u00fcn ba\u015f\u0131na 20 Euro), g\u00fcncel, imzal\u0131 ve ka\u015feli banka hesab\u0131 asl\u0131,<\/p>\n<p>&#8211; Ba\u015fvuran ki\u015fi \u00e7al\u0131\u015fan veya \u015firket sahibi ise; \u015firketin ticaret odas\u0131 kay\u0131t sureti, faaliyet belgesi, vergi levhas\u0131 ve sicil gazetesinin kopyas\u0131,<\/p>\n<p>&#8211; Ba\u015fvuran ki\u015fi \u00e7al\u0131\u015fan, \u015firket sahibi veya i\u015fsiz ise; SGK hizmet d\u00f6k\u00fcm\u00fc,<\/p>\n<p>&#8211; Ba\u015fvuran ki\u015fi \u00e7al\u0131\u015fan ise; imzal\u0131 ve ka\u015feli SGK i\u015fe giri\u015f bildirgesi ve son 3 aya ait maa\u015f bordrosu,<\/p>\n<p>&#8211; Ba\u015fvuran ki\u015fi \u00e7al\u0131\u015fan veya \u015firket sahibi ise; \u015firketin antetli ka\u011f\u0131d\u0131na yaz\u0131lm\u0131\u015f imzal\u0131, ka\u015feli izin onay\u0131,<\/p>\n<p>&#8211; Ba\u015fvuran ki\u015fi \u00f6\u011frenci ise; okulundan al\u0131nm\u0131\u015f g\u00fcncel \u00f6\u011frenci belgesi asl\u0131 (e-devlet kabul edilebilir),<\/p>\n<p>&#8211; T\u00fcrk vatanda\u015f\u0131 olmayanlar i\u00e7in \u00fclkeye d\u00f6n\u00fc\u015ften itibaren en az 3 ay daha ge\u00e7erli olan T\u00fcrkiye\u2019de oturma veya \u00e7al\u0131\u015fma izni fotokopisi,<\/p>\n<p>&#8211; Pasaportta ki\u015finin bilgilerinin yer ald\u0131\u011f\u0131 sayfan\u0131n ve son 3 y\u0131lda al\u0131nm\u0131\u015f Schengen vizelerinin fotokopisi,<\/p>\n<p>&#8211; Ba\u015fvuru sahibi \u00e7al\u0131\u015fm\u0131yor ise, N\u00fcfus M\u00fcd\u00fcrl\u00fc\u011f\u00fc\u2018nden onayl\u0131 n\u00fcfus kay\u0131t \u00f6rne\u011fi asl\u0131.<\/p>\n<p><strong>NOT:<\/strong> Litvanya g\u00f6\u00e7menler b\u00fcrosu taraf\u0131ndan d\u00fczenlenmi\u015f davetiyelerde, konaklamaya ili\u015fkin bilginin de yer almas\u0131 gereklidir. S\u00f6z konusu bilgi yer alm\u0131yor ise, evraklara ek olarak otel rezervasyonu sunulmas\u0131 gereklidir.<\/p>\n<h3>E. K\u00fclt\u00fcrel:<\/h3>\n<p>&#8211; Pasaport (Pasaport, Litvanya&#8217;dan ayr\u0131l\u0131\u015f tarihinden itibaren en az 3 ay daha ge\u00e7erlilik s\u00fcresine sahip olmal\u0131 ve pasaport 10 y\u0131ldan eski olmamal\u0131d\u0131r),<\/p>\n<p>&#8211; Schengen vizesi ba\u015fvuru formu (<a href=\"https:\/\/visa.vrm.lt\/epm\/pages\/applications\/applicationEdit.xhtml\" target=\"_blank\" rel=\"noopener noreferrer\">ON-LINE<\/a> olarak doldurulmu\u015f, t\u00fcm sayfalar\u0131n \u00e7\u0131kt\u0131s\u0131 al\u0131nm\u0131\u015f, her bir sayfa imzalanm\u0131\u015f ve z\u0131mbalanm\u0131\u015f olmal\u0131d\u0131r),<\/p>\n<p>&#8211; Vize ba\u015fvuru \u00fccreti 60 Euro*,<\/p>\n<p>&#8211; T\u00fcm Schengen \u00fclkelerinde ve planlanan seyahat s\u00fcreci boyunca ge\u00e7erli ve en az 30.000 EURO teminatl\u0131 uluslararas\u0131 seyahat sa\u011fl\u0131k sigortas\u0131,<\/p>\n<p>&#8211; Bir adet 35&#215;45 mm boyutunda arkas\u0131 beyaz fonlu ve son 3 ay i\u00e7erisinde \u00e7ekilmi\u015f biyometrik foto\u011fraf,<\/p>\n<p>&#8211; Litvanya\u2018daki davet eden kurum taraf\u0131ndan d\u00fczenlenmi\u015f, standartlara uygun (davet eden kurumun antetli ka\u011f\u0131d\u0131na i\u00e7erik olarak ki\u015finin gidi\u015f amac\u0131, ad\u0131 soyad\u0131, pasaport numaras\u0131, etkinlik kapsam\u0131ndaki g\u00f6revleri ve aktiveteleri, kurumca davet edilen ki\u015finin sorumlulu\u011funun al\u0131n\u0131p al\u0131nmamas\u0131, konaklamaya ili\u015fkin bilgisi, hangi masraflar\u0131n finanse edilip edilmeyece\u011fi vb. bilgileri bulunan) imzal\u0131 ve ka\u015feli davetiye \u00e7\u0131kt\u0131s\u0131**<\/p>\n<p>&#8211; Ba\u015fvuran ki\u015finin masraflar\u0131 herhangi bir program ya da kurulu\u015f taraf\u0131ndan finanse edilecekse, kurulu\u015fun antetli ka\u011f\u0131d\u0131na masraflar\u0131n kar\u015f\u0131lanaca\u011f\u0131na dair hibe miktar\u0131 belirtilmi\u015f imzal\u0131 ve ka\u015feli resmi yaz\u0131,<\/p>\n<p>&#8211; Ba\u015fvuran masraflar\u0131n\u0131 kendisi kar\u015f\u0131layacak ise, ki\u015finin son 3 ayl\u0131k hareketleri g\u00f6steren ve yeterli bakiyesi bulunan (Litvanya\u2018da kal\u0131nacak g\u00fcn ba\u015f\u0131na 40 Euro) imzal\u0131 ve ka\u015feli banka hesap c\u00fczdan\u0131 asl\u0131,<\/p>\n<p>&#8211; Ba\u015fvuru sahibi \u00f6\u011frenci veya \u00e7al\u0131\u015fm\u0131yor ise ve seyahat masraflar\u0131 ba\u015fka ki\u015filer taraf\u0131ndan kar\u015f\u0131lanacak ise; sponsor taraf\u0131ndan noter onayl\u0131 &#8220;Taahh\u00fctname&#8221; asl\u0131 ile birlikte ki\u015finin seyahat masraflar\u0131n\u0131 kar\u015f\u0131lamaya yetecek bakiyeli (g\u00fcn ba\u015f\u0131na 20 Euro), g\u00fcncel, imzal\u0131 ve ka\u015feli banka hesab\u0131 asl\u0131,<\/p>\n<p>&#8211; Gidi\u015f ve d\u00f6n\u00fc\u015f seyahat s\u00fcrelerini kapsayan ve rezervasyon kodu bulunan ge\u00e7erli u\u00e7ak rezervasyonu,<\/p>\n<p>&#8211; Ba\u015fvuran ki\u015fi \u00e7al\u0131\u015fan veya \u015firket sahibi ise; \u015firketin ticaret odas\u0131 kay\u0131t sureti, faaliyet belgesi, vergi levhas\u0131 ve sicil gazetesinin kopyas\u0131,<\/p>\n<p>&#8211; Ba\u015fvuran ki\u015fi \u00e7al\u0131\u015fan veya \u015firket sahibi ise; SGK hizmet d\u00f6k\u00fcm\u00fc,<\/p>\n<p>&#8211; Ba\u015fvuran ki\u015fi \u00e7al\u0131\u015fan ise; imzal\u0131 ve ka\u015feli SGK i\u015fe giri\u015f bildirgesi ve son 3 aya ait maa\u015f bordrosu,<\/p>\n<p>&#8211; Ba\u015fvuran ki\u015fi \u00e7al\u0131\u015fan veya \u015firket sahibi ise; \u015firketin antetli ka\u011fd\u0131na yaz\u0131lm\u0131\u015f imzal\u0131, ka\u015feli izin onay\u0131,<\/p>\n<p>&#8211; Ba\u015fvuran ki\u015fi \u00f6\u011frenci ise; okulundan al\u0131nm\u0131\u015f g\u00fcncel \u00f6\u011frenci belgesi asl\u0131 (e-devlet kabul edilebilir),<\/p>\n<p>&#8211; T\u00fcrk vatanda\u015f\u0131 olmayanlar i\u00e7in \u00fclkeye d\u00f6n\u00fc\u015ften itibaren en az 3 ay daha ge\u00e7erli olan T\u00fcrkiye\u2019de oturma veya \u00e7al\u0131\u015fma izni fotokopisi,<\/p>\n<p>&#8211; Pasaportta ki\u015finin bilgilerinin yer ald\u0131\u011f\u0131 sayfan\u0131n ve son 3 y\u0131lda al\u0131nm\u0131\u015f Schengen vizelerinin fotokopisi,<\/p>\n<p>&nbsp;<\/p>\n<p><strong>NOT: <\/strong>* Avrupa Birli\u011fi\u2019nin finanse etti\u011fi k\u00fclt\u00fcrel program ve projelere kat\u0131l\u0131m sa\u011flayacak 25 ya\u015f ve \u00fcst\u00fc Schengen vizesi ba\u015fvurusunda bulunan ki\u015filerden konsolosluk \u00fccreti olan 60 Euro al\u0131nmaktad\u0131r. Avrupa Birli\u011fi\u2019nin finanse etti\u011fi k\u00fclt\u00fcrel program ve projelere kat\u0131l\u0131m sa\u011flayacak 25 ya\u015f\u0131n alt\u0131ndaki Schengen vizesi ba\u015fvuru sahipleri, vize ba\u015fvuru \u00fccretinden muaft\u0131rlar.<\/p>\n<p>** Litvanya\u2019daki davet eden kurulu\u015flar, \u00a0Litvanya Polis G\u00f6\u00e7 Birimi taraf\u0131ndan d\u00fczenlenen davetiyeler ile ba\u015fvuru sahiplerini davet ettikleri takdirde, s\u00f6z konusu davetiyelerin kodunun \u00e7\u0131kt\u0131s\u0131n\u0131n vize ba\u015fvurusu esnas\u0131nda B\u00fcy\u00fckel\u00e7ilik ile payla\u015f\u0131lmas\u0131 gerekmektedir.<\/p>\n<\/div>\n<p><\/p>","protected":false},"excerpt":{"rendered":"<\/p>\n<p> Litvanya B\u00fcy\u00fckel\u00e7ili\u011fi vize ko\u015fullar\u0131 <\/p>\n<p>Litvanya Cumhuriyeti\u2018ne ger\u00e7ekle\u015ftirilecek seyahatler i\u00e7in vizeler Ankara&#8217;da bulunan Litvanya Cumhuriyeti B\u00fcy\u00fckel\u00e7ili\u011fi Konsolosluk B\u00f6l\u00fcm\u00fc taraf\u0131ndan d\u00fczenlenmektedir. \u00d6zel, diplomatik veya<\/p>\n","protected":false},"author":1,"featured_media":0,"parent":0,"menu_order":0,"comment_status":"open","ping_status":"open","template":"","meta":[],"_links":{"self":[{"href":"https:\/\/consul.mehmetsahinalanya.com\/tr\/wp-json\/wp\/v2\/pages\/42"}],"collection":[{"href":"https:\/\/consul.mehmetsahinalanya.com\/tr\/wp-json\/wp\/v2\/pages"}],"about":[{"href":"https:\/\/consul.mehmetsahinalanya.com\/tr\/wp-json\/wp\/v2\/types\/page"}],"author":[{"embeddable":true,"href":"https:\/\/consul.mehmetsahinalanya.com\/tr\/wp-json\/wp\/v2\/users\/1"}],"replies":[{"embeddable":true,"href":"https:\/\/consul.mehmetsahinalanya.com\/tr\/wp-json\/wp\/v2\/comments?post=42"}],"version-history":[{"count":3,"href":"https:\/\/consul.mehmetsahinalanya.com\/tr\/wp-json\/wp\/v2\/pages\/42\/revisions"}],"predecessor-version":[{"id":1331,"href":"https:\/\/consul.mehmetsahinalanya.com\/tr\/wp-json\/wp\/v2\/pages\/42\/revisions\/1331"}],"wp:attachment":[{"href":"https:\/\/consul.mehmetsahinalanya.com\/tr\/wp-json\/wp\/v2\/media?parent=42"}],"curies":[{"name":"wp","href":"https:\/\/api.w.org\/{rel}","templated":true}]}}