{"id":18,"date":"2012-12-18T10:59:38","date_gmt":"2012-12-18T10:59:38","guid":{"rendered":"http:\/\/royalwpthemes.com\/breakingnews\/?page_id=18"},"modified":"2019-10-08T17:08:06","modified_gmt":"2019-10-08T14:08:06","slug":"home","status":"publish","type":"page","link":"https:\/\/consul.mehmetsahinalanya.com\/tr\/","title":{"rendered":"Anasayfa"},"content":{"rendered":"<p>\t\r\n<div class=\"jcarousel_container\">\r\n<div class=\"home_posts_title\" style=\"background-color: #;\"><h2>\r\n<a href=\"?cat=1\">Haberler<\/a>\r\n<\/h2><\/div>\r\n<ul class=\"jcarousel-skin-tango\">\r\n\t\t\t\t\r\n\t\t<li>\r\n\t\t<div class=\"carousel_post format_post\">\r\n\r\n\t\t<div class=\"post_format_box\">\r\n\t\t\r\n\t\t\t\t<div class=\"post_format\"><\/div>\r\n        \t\t\r\n\t\t\t\t\r\n\t\t\t\t\r\n\t\t\t\t\r\n        <\/div>\r\n\t\t\r\n\r\n\t\t\r\n\t\t\t\t\t\t\t\t\r\n\t\t\r\n        <a href=\"https:\/\/consul.mehmetsahinalanya.com\/tr\/news\/turkish-litvan-ailelerden-ahmet-bebek-icin-kermes\/\" title=\"L\u0130TVAN A\u0130LELERDEN PASKALYA KUTLAMASI\">\r\n\t\t        <img src=\"https:\/\/consul.mehmetsahinalanya.com\/wp-content\/uploads\/2021\/04\/IMG_9076-scaled-280x180.jpg\" alt=\"L\u0130TVAN A\u0130LELERDEN PASKALYA KUTLAMASI\" title=\"L\u0130TVAN A\u0130LELERDEN PASKALYA KUTLAMASI\"\/>\r\n        <\/a>\r\n\t\t\r\n        \t\t\t\t\r\n\t\t\r\n\t\t\r\n\t\t\r\n\t\t\t\t\r\n\t\t\r\n\t\t\r\n\t\t\t\t<div class=\"clear\"><\/div>\r\n\t\t\r\n\t\t<h1><a href=\"https:\/\/consul.mehmetsahinalanya.com\/tr\/news\/turkish-litvan-ailelerden-ahmet-bebek-icin-kermes\/\" title=\"L\u0130TVAN A\u0130LELERDEN PASKALYA KUTLAMASI\" >L\u0130TVAN A\u0130LELERDEN PASKALYA KUTLAMASI &raquo;<\/a><\/h1>\r\n\t  \r\n\t    <div class=\"post_meta_line\" style=\"\">\r\n\t\t    <span class=\"post_time\">Tarih: 12\/04\/21<\/span> \r\n\t\t\t<span class=\"post_category\">: <a href=\"https:\/\/consul.mehmetsahinalanya.com\/tr\/category\/featured\/\" rel=\"tag\">\u00d6ne \u00c7\u0131kan<\/a>, <a href=\"https:\/\/consul.mehmetsahinalanya.com\/tr\/category\/news\/\" rel=\"tag\">Haberler<\/a><\/span>\r\n\t\t<\/div> \r\n\t\t\r\n\t\t\t\t\t\t\r\n        <\/div>\r\n\t    <\/li>\r\n\t   \r\n\t\t\t\r\n\t\t<li>\r\n\t\t<div class=\"carousel_post format_post\">\r\n\r\n\t\t<div class=\"post_format_box\">\r\n\t\t\r\n\t\t\t\t<div class=\"post_format\"><\/div>\r\n        \t\t\r\n\t\t\t\t\r\n\t\t\t\t\r\n\t\t\t\t\r\n        <\/div>\r\n\t\t\r\n\r\n\t\t\r\n\t\t\t\t\t\t\t\t\r\n\t\t\r\n        <a href=\"https:\/\/consul.mehmetsahinalanya.com\/tr\/news\/turkish-litvanlar-30-bagimsizlik-yil-donumunu-mese-fidani-dikerek-kutladi\/\" title=\"L\u0130TVANLAR 30. BA\u011eIMSIZLIK YIL D\u00d6N\u00dcM\u00dcN\u00dc ME\u015eE F\u0130DANI D\u0130KEREK KUTLADI\">\r\n\t\t        <img src=\"https:\/\/consul.mehmetsahinalanya.com\/wp-content\/uploads\/2020\/03\/WhatsApp-Image-2020-03-11-at-18.06.16-280x180.jpeg\" alt=\"L\u0130TVANLAR 30. BA\u011eIMSIZLIK YIL D\u00d6N\u00dcM\u00dcN\u00dc ME\u015eE F\u0130DANI D\u0130KEREK KUTLADI\" title=\"L\u0130TVANLAR 30. BA\u011eIMSIZLIK YIL D\u00d6N\u00dcM\u00dcN\u00dc ME\u015eE F\u0130DANI D\u0130KEREK KUTLADI\"\/>\r\n        <\/a>\r\n\t\t\r\n        \t\t\t\t\r\n\t\t\r\n\t\t\r\n\t\t\r\n\t\t\t\t\r\n\t\t\r\n\t\t\r\n\t\t\t\t<div class=\"clear\"><\/div>\r\n\t\t\r\n\t\t<h1><a href=\"https:\/\/consul.mehmetsahinalanya.com\/tr\/news\/turkish-litvanlar-30-bagimsizlik-yil-donumunu-mese-fidani-dikerek-kutladi\/\" title=\"L\u0130TVANLAR 30. BA\u011eIMSIZLIK YIL D\u00d6N\u00dcM\u00dcN\u00dc ME\u015eE F\u0130DANI D\u0130KEREK KUTLADI\" >L\u0130TVANLAR 30. BA\u011eIMSIZLIK YIL D\u00d6N\u00dcM\u00dcN\u00dc ME\u015eE F\u0130DANI D\u0130KEREK KUTLADI &raquo;<\/a><\/h1>\r\n\t  \r\n\t    <div class=\"post_meta_line\" style=\"\">\r\n\t\t    <span class=\"post_time\">Tarih: 12\/03\/20<\/span> \r\n\t\t\t<span class=\"post_category\">: <a href=\"https:\/\/consul.mehmetsahinalanya.com\/tr\/category\/featured\/\" rel=\"tag\">\u00d6ne \u00c7\u0131kan<\/a>, <a href=\"https:\/\/consul.mehmetsahinalanya.com\/tr\/category\/news\/\" rel=\"tag\">Haberler<\/a><\/span>\r\n\t\t<\/div> \r\n\t\t\r\n\t\t\t\t\t\t\r\n        <\/div>\r\n\t    <\/li>\r\n\t   \r\n\t\t\t\r\n\t\t<li>\r\n\t\t<div class=\"carousel_post format_post\">\r\n\r\n\t\t<div class=\"post_format_box\">\r\n\t\t\r\n\t\t\t\t<div class=\"post_format\"><\/div>\r\n        \t\t\r\n\t\t\t\t\r\n\t\t\t\t\r\n\t\t\t\t\r\n        <\/div>\r\n\t\t\r\n\r\n\t\t\r\n\t\t\t\t\t\t\t\t\r\n\t\t\r\n        <a href=\"https:\/\/consul.mehmetsahinalanya.com\/tr\/news\/turkish-alanyada-noel-pazari-kuruldu\/\" title=\"ALANYA&#8217;DA NOEL PAZARI KURULDU\">\r\n\t\t        <img src=\"https:\/\/consul.mehmetsahinalanya.com\/wp-content\/uploads\/2019\/12\/NOEL-PAZARI-11-280x180.jpeg\" alt=\"ALANYA&#8217;DA NOEL PAZARI KURULDU\" title=\"ALANYA&#8217;DA NOEL PAZARI KURULDU\"\/>\r\n        <\/a>\r\n\t\t\r\n        \t\t\t\t\r\n\t\t\r\n\t\t\r\n\t\t\r\n\t\t\t\t\r\n\t\t\r\n\t\t\r\n\t\t\t\t<div class=\"clear\"><\/div>\r\n\t\t\r\n\t\t<h1><a href=\"https:\/\/consul.mehmetsahinalanya.com\/tr\/news\/turkish-alanyada-noel-pazari-kuruldu\/\" title=\"ALANYA&#8217;DA NOEL PAZARI KURULDU\" >ALANYA&#8217;DA NOEL PAZARI KURULDU &raquo;<\/a><\/h1>\r\n\t  \r\n\t    <div class=\"post_meta_line\" style=\"\">\r\n\t\t    <span class=\"post_time\">Tarih: 09\/12\/19<\/span> \r\n\t\t\t<span class=\"post_category\">: <a href=\"https:\/\/consul.mehmetsahinalanya.com\/tr\/category\/featured\/\" rel=\"tag\">\u00d6ne \u00c7\u0131kan<\/a>, <a href=\"https:\/\/consul.mehmetsahinalanya.com\/tr\/category\/news\/\" rel=\"tag\">Haberler<\/a><\/span>\r\n\t\t<\/div> \r\n\t\t\r\n\t\t\t\t\t\t\r\n        <\/div>\r\n\t    <\/li>\r\n\t   \r\n\t\t\t\r\n\t\t<li>\r\n\t\t<div class=\"carousel_post format_post\">\r\n\r\n\t\t<div class=\"post_format_box\">\r\n\t\t\r\n\t\t\t\t<div class=\"post_format\"><\/div>\r\n        \t\t\r\n\t\t\t\t\r\n\t\t\t\t\r\n\t\t\t\t\r\n        <\/div>\r\n\t\t\r\n\r\n\t\t\r\n\t\t\t\t\t\t\t\t\r\n\t\t\r\n        <a href=\"https:\/\/consul.mehmetsahinalanya.com\/tr\/news\/the-baltic-way-in-turkey\/\" title=\"&#8220;Balt\u0131k Yolu&#8221; T\u00fcrkiye&#8217;de\">\r\n\t\t        <img src=\"https:\/\/consul.mehmetsahinalanya.com\/wp-content\/uploads\/2013\/01\/91183_8bc34ad36bc78f88eaa13b44e37054e3-280x180.jpg\" alt=\"&#8220;Balt\u0131k Yolu&#8221; T\u00fcrkiye&#8217;de\" title=\"&#8220;Balt\u0131k Yolu&#8221; T\u00fcrkiye&#8217;de\"\/>\r\n        <\/a>\r\n\t\t\r\n        \t\t\t\t\r\n\t\t\r\n\t\t\r\n\t\t\r\n\t\t\t\t\r\n\t\t\r\n\t\t\r\n\t\t\t\t<div class=\"clear\"><\/div>\r\n\t\t\r\n\t\t<h1><a href=\"https:\/\/consul.mehmetsahinalanya.com\/tr\/news\/the-baltic-way-in-turkey\/\" title=\"&#8220;Balt\u0131k Yolu&#8221; T\u00fcrkiye&#8217;de\" >&#8220;Balt\u0131k Yolu&#8221; T\u00fcrkiye&#8217;de &raquo;<\/a><\/h1>\r\n\t  \r\n\t    <div class=\"post_meta_line\" style=\"\">\r\n\t\t    <span class=\"post_time\">Tarih: 25\/09\/19<\/span> \r\n\t\t\t<span class=\"post_category\">: <a href=\"https:\/\/consul.mehmetsahinalanya.com\/tr\/category\/featured\/\" rel=\"tag\">\u00d6ne \u00c7\u0131kan<\/a>, <a href=\"https:\/\/consul.mehmetsahinalanya.com\/tr\/category\/news\/\" rel=\"tag\">Haberler<\/a><\/span>\r\n\t\t<\/div> \r\n\t\t\r\n\t\t\t\t\t    <div class=\"post_excerpt\">\r\n\t    23 Eyl\u00fcl 2019'da,  Litvanya Cumhuriyeti, Letoya Cumhuriyeti ve Estonya Cumhuriyeti Ankara B\u00fcy\u00fckel\u00e7ilikleri taraf\u0131ndan, \u201cBalt\u0131k Yolu\u201d nun 30. y\u0131ld\u00f6n\u00fcm\u00fc vesilesiyle bir resepsiyon d\u00fczenlendi.        <\/div>\r\n        \t\t\r\n        <\/div>\r\n\t    <\/li>\r\n\t   \r\n\t\t\t\r\n\t\t<li>\r\n\t\t<div class=\"carousel_post format_post\">\r\n\r\n\t\t<div class=\"post_format_box\">\r\n\t\t\r\n\t\t\t\t<div class=\"post_format\"><\/div>\r\n        \t\t\r\n\t\t\t\t\r\n\t\t\t\t\r\n\t\t\t\t\r\n        <\/div>\r\n\t\t\r\n\r\n\t\t\r\n\t\t\t\t\t\t\t\t\r\n\t\t\r\n        <a href=\"https:\/\/consul.mehmetsahinalanya.com\/tr\/news\/celebrating-natos-70th-anniversary-in-turkey\/\" title=\"NATO\u2019nun T\u00fcrkiye&#8217;deki 70. Y\u0131ld\u00f6n\u00fcm\u00fcn\u00fcn Kutlanmas\u0131\">\r\n\t\t        <img src=\"https:\/\/consul.mehmetsahinalanya.com\/wp-content\/uploads\/2019\/03\/89062_d1437cab3ba9a651c73634b2dd897b91-280x180.jpg\" alt=\"NATO\u2019nun T\u00fcrkiye&#8217;deki 70. Y\u0131ld\u00f6n\u00fcm\u00fcn\u00fcn Kutlanmas\u0131\" title=\"NATO\u2019nun T\u00fcrkiye&#8217;deki 70. Y\u0131ld\u00f6n\u00fcm\u00fcn\u00fcn Kutlanmas\u0131\"\/>\r\n        <\/a>\r\n\t\t\r\n        \t\t\t\t\r\n\t\t\r\n\t\t\r\n\t\t\r\n\t\t\t\t\r\n\t\t\r\n\t\t\r\n\t\t\t\t<div class=\"clear\"><\/div>\r\n\t\t\r\n\t\t<h1><a href=\"https:\/\/consul.mehmetsahinalanya.com\/tr\/news\/celebrating-natos-70th-anniversary-in-turkey\/\" title=\"NATO\u2019nun T\u00fcrkiye&#8217;deki 70. Y\u0131ld\u00f6n\u00fcm\u00fcn\u00fcn Kutlanmas\u0131\" >NATO\u2019nun T\u00fcrkiye&#8217;deki 70. Y\u0131ld\u00f6n\u00fcm\u00fcn\u00fcn Kutlanmas\u0131 &raquo;<\/a><\/h1>\r\n\t  \r\n\t    <div class=\"post_meta_line\" style=\"\">\r\n\t\t    <span class=\"post_time\">Tarih: 27\/03\/19<\/span> \r\n\t\t\t<span class=\"post_category\">: <a href=\"https:\/\/consul.mehmetsahinalanya.com\/tr\/category\/featured\/\" rel=\"tag\">\u00d6ne \u00c7\u0131kan<\/a>, <a href=\"https:\/\/consul.mehmetsahinalanya.com\/tr\/category\/news\/\" rel=\"tag\">Haberler<\/a><\/span>\r\n\t\t<\/div> \r\n\t\t\r\n\t\t\t\t\t    <div class=\"post_excerpt\">\r\n\t    NATO'nun 70. Y\u0131ld\u00f6n\u00fcm\u00fcn\u00fc kutlamaya haz\u0131rlan\u0131rken, 26 Mart 2019 tarihinde B\u00fcy\u00fckel\u00e7i Audrius Bruzga, T\u00fcrkiye Cumhuriyeti Savunma Bakan\u0131 Say\u0131n Hulusi Akar ile bir araya geldiler.        <\/div>\r\n        \t\t\r\n        <\/div>\r\n\t    <\/li>\r\n\t   \r\n\t\t\t\r\n\t\t<li>\r\n\t\t<div class=\"carousel_post format_post\">\r\n\r\n\t\t<div class=\"post_format_box\">\r\n\t\t\r\n\t\t\t\t<div class=\"post_format\"><\/div>\r\n        \t\t\r\n\t\t\t\t\r\n\t\t\t\t\r\n\t\t\t\t\r\n        <\/div>\r\n\t\t\r\n\r\n\t\t\r\n\t\t\t\t\t\t\t\t\r\n\t\t\r\n        <a href=\"https:\/\/consul.mehmetsahinalanya.com\/tr\/news\/kick-off-meeting-of-the-project-a-roadmap-for-smart-city-in-corum\/\" title=\"\u201cAk\u0131ll\u0131 \u015eehir \u0130\u00e7in Bir Yol Haritas\u0131\u201d projesinin ortaklar\u0131n\u0131n ilk toplant\u0131s\u0131\">\r\n\t\t        <img src=\"https:\/\/consul.mehmetsahinalanya.com\/wp-content\/uploads\/2012\/12\/89027_2ed7b609047289eab1056d37d4f46047-280x180.jpg\" alt=\"\u201cAk\u0131ll\u0131 \u015eehir \u0130\u00e7in Bir Yol Haritas\u0131\u201d projesinin ortaklar\u0131n\u0131n ilk toplant\u0131s\u0131\" title=\"\u201cAk\u0131ll\u0131 \u015eehir \u0130\u00e7in Bir Yol Haritas\u0131\u201d projesinin ortaklar\u0131n\u0131n ilk toplant\u0131s\u0131\"\/>\r\n        <\/a>\r\n\t\t\r\n        \t\t\t\t\r\n\t\t\r\n\t\t\r\n\t\t\r\n\t\t\t\t\r\n\t\t\r\n\t\t\r\n\t\t\t\t<div class=\"clear\"><\/div>\r\n\t\t\r\n\t\t<h1><a href=\"https:\/\/consul.mehmetsahinalanya.com\/tr\/news\/kick-off-meeting-of-the-project-a-roadmap-for-smart-city-in-corum\/\" title=\"\u201cAk\u0131ll\u0131 \u015eehir \u0130\u00e7in Bir Yol Haritas\u0131\u201d projesinin ortaklar\u0131n\u0131n ilk toplant\u0131s\u0131\" >\u201cAk\u0131ll\u0131 \u015eehir \u0130\u00e7in Bir Yol Haritas\u0131\u201d projesinin ortaklar\u0131n\u0131n ilk toplant\u0131s\u0131 &raquo;<\/a><\/h1>\r\n\t  \r\n\t    <div class=\"post_meta_line\" style=\"\">\r\n\t\t    <span class=\"post_time\">Tarih: 12\/03\/19<\/span> \r\n\t\t\t<span class=\"post_category\">: <a href=\"https:\/\/consul.mehmetsahinalanya.com\/tr\/category\/featured\/\" rel=\"tag\">\u00d6ne \u00c7\u0131kan<\/a>, <a href=\"https:\/\/consul.mehmetsahinalanya.com\/tr\/category\/news\/\" rel=\"tag\">Haberler<\/a><\/span>\r\n\t\t<\/div> \r\n\t\t\r\n\t\t\t\t\t    <div class=\"post_excerpt\">\r\n\t    8 Mart 2019 tarihinde, \u201cAk\u0131ll\u0131 \u015eehir \u0130\u00e7in Bir Yol Haritas\u0131\u201d projesinin ortaklar\u0131n\u0131n ilk toplant\u0131s\u0131 \u00c7orum'da ger\u00e7ekle\u015ftirildi. Projenin ortaklar\u0131, T\u00fcrkiye Cumhuriyeti \u00c7orum Belediyesi, Litvanya Cumhuriyeti Tel\u0161iai Belediyesi, Macaristan Szarvas Belediyesi, \u00c7orum Hitit \u00dcniversitesi ve \u00c7orum Ticaret ve Sanay\u0131 Odas\u0131\u2019d\u0131r.        <\/div>\r\n        \t\t\r\n        <\/div>\r\n\t    <\/li>\r\n\t   \r\n\t<\/ul>\r\n<\/div>\r\n<div class=\"clear\"><\/div>\r\n\r\n \t\r\n<div class=\"home_posts_container\">\r\n<div class=\"home_posts_title\" style=\"background-color: #ff8a00;\"><h2>\r\n<a href=\"?cat=2\">Blog<\/a>\r\n<\/h2><a href=\"?cat=2\"><span><\/span><\/a><\/div>\r\n\r\n\t\t\r\n\t\t<div class=\"home_posts_one format_post\">\r\n\r\n\t\t<div class=\"post_format_box\">\r\n\t\t\r\n\t\t\t\t<div class=\"post_format\"><\/div>\r\n        \t\t\r\n\t\t\t\t\r\n\t\t\t\t\r\n\t\t\t\t\r\n        <\/div>\r\n\t\t\r\n\r\n\t\t\r\n\t\t\t\t\t\t\t\t\r\n\t\t\r\n        <a href=\"https:\/\/consul.mehmetsahinalanya.com\/tr\/blog\/attention-to-erasmus-students-and-trainees\/\" title=\"Erasmus \u00f6\u011frencilerinin ve stajerlerinin dikkatine\">\r\n\t\t        <img src=\"https:\/\/consul.mehmetsahinalanya.com\/wp-content\/uploads\/2012\/01\/Studying-Abroad-Erasmus-280x180.png\" alt=\"Erasmus \u00f6\u011frencilerinin ve stajerlerinin dikkatine\" title=\"Erasmus \u00f6\u011frencilerinin ve stajerlerinin dikkatine\"\/>\r\n        <\/a>\r\n\t\t\r\n        \t\t\t\t\r\n\t\t\r\n\t\t\r\n\t\t\t\t\r\n\t\t\r\n\t\t\r\n\t\t\t\t\r\n\t\t\r\n\t\t\r\n\t\t\t\t\r\n\t\t\r\n\t\t<h1><a href=\"https:\/\/consul.mehmetsahinalanya.com\/tr\/blog\/attention-to-erasmus-students-and-trainees\/\" title=\"Erasmus \u00f6\u011frencilerinin ve stajerlerinin dikkatine\" >Erasmus \u00f6\u011frencilerinin ve stajerlerinin dikkatine &raquo;<\/a><\/h1>\r\n\t  \r\n\t    <div class=\"post_meta_line\" style=\"\">\r\n\t\t    <span class=\"post_time\">Tarih: 01\/10\/19<\/span> \r\n\t\t\t<span class=\"post_category\">: <a href=\"https:\/\/consul.mehmetsahinalanya.com\/tr\/category\/announcements\/\" rel=\"tag\">Duyurular<\/a>, <a href=\"https:\/\/consul.mehmetsahinalanya.com\/tr\/category\/blog\/\" rel=\"tag\">Blog<\/a><\/span>\r\n\t\t<\/div> \r\n\t\t\r\n\t\t\t\t\t\r\n\t    <div class=\"post_excerpt\">\r\n\t    Erasmus program\u0131 ile Litvanya\u2018da e\u011fitim g\u00f6recek \u00f6\u011frencilerinin, El\u00e7ili\u011fimize yapacaklar\u0131 vize ba\u015fvurusundan \u00f6nce dikkat etmesi gereken hususlar ve vize hakk\u0131ndaki detaylar        <\/div>\r\n\t\r\n        \r\n\t    <p class=\"home_tags\" style=\"\">\r\n\t\t\t\t<\/p>\r\n\t\t\r\n       <\/div>\r\n\t   \r\n\t  \r\n\t\t<div class=\"home_posts_one format_post\">\r\n\r\n\t\t<div class=\"post_format_box\">\r\n\t\t\r\n\t\t\t\t<div class=\"post_format\"><\/div>\r\n        \t\t\r\n\t\t\t\t\r\n\t\t\t\t\r\n\t\t\t\t\r\n        <\/div>\r\n\t\t\r\n\r\n\t\t\r\n\t\t\t\t\t\t\t\t\r\n\t\t\r\n        <a href=\"https:\/\/consul.mehmetsahinalanya.com\/tr\/blog\/relations-between-turkey-and-lithuania\/\" title=\"T\u00fcrkiye-Litvanya \u0130li\u015fkileri\">\r\n\t\t        <img src=\"https:\/\/consul.mehmetsahinalanya.com\/wp-content\/uploads\/2013\/02\/relation-280x180.jpg\" alt=\"T\u00fcrkiye-Litvanya \u0130li\u015fkileri\" title=\"T\u00fcrkiye-Litvanya \u0130li\u015fkileri\"\/>\r\n        <\/a>\r\n\t\t\r\n        \t\t\t\t\r\n\t\t\r\n\t\t\r\n\t\t\t\t\r\n\t\t\r\n\t\t\r\n\t\t\t\t\r\n\t\t\r\n\t\t\r\n\t\t\t\t\r\n\t\t\r\n\t\t<h1><a href=\"https:\/\/consul.mehmetsahinalanya.com\/tr\/blog\/relations-between-turkey-and-lithuania\/\" title=\"T\u00fcrkiye-Litvanya \u0130li\u015fkileri\" >T\u00fcrkiye-Litvanya \u0130li\u015fkileri &raquo;<\/a><\/h1>\r\n\t  \r\n\t    <div class=\"post_meta_line\" style=\"\">\r\n\t\t    <span class=\"post_time\">Tarih: 02\/02\/13<\/span> \r\n\t\t\t<span class=\"post_category\">: <a href=\"https:\/\/consul.mehmetsahinalanya.com\/tr\/category\/blog\/\" rel=\"tag\">Blog<\/a>, <a href=\"https:\/\/consul.mehmetsahinalanya.com\/tr\/category\/featured\/\" rel=\"tag\">\u00d6ne \u00c7\u0131kan<\/a><\/span>\r\n\t\t<\/div> \r\n\t\t\r\n\t\t\t\t\t\r\n\t    <div class=\"post_excerpt\">\r\n\t    T\u00fcrkiye ile Litvanya aras\u0131ndaki siyasi ili\u015fkiler olumlu bir seyir izlemektedir. T\u00fcrkiye\u2019nin Litvanya\u2019n\u0131n NATO \u00fcyeli\u011fini, Litvanya\u2019n\u0131n T\u00fcrkiye\u2019nin AB \u00fcyeli\u011fini desteklemesi iki \u00fclke aras\u0131nda i\u015fbirli\u011fi ve g\u00f6r\u00fc\u015f al\u0131\u015fveri\u015fini h\u0131zla art\u0131rm\u0131\u015ft\u0131r.        <\/div>\r\n\t\r\n        \r\n\t    <p class=\"home_tags\" style=\"\">\r\n\t\t\t\t<\/p>\r\n\t\t\r\n       <\/div>\r\n\t   \r\n\t  \r\n\t\t<div class=\"home_posts_one format_post\">\r\n\r\n\t\t<div class=\"post_format_box\">\r\n\t\t\r\n\t\t\t\t<div class=\"post_format\"><\/div>\r\n        \t\t\r\n\t\t\t\t\r\n\t\t\t\t\r\n\t\t\t\t\r\n        <\/div>\r\n\t\t\r\n\r\n\t\t\r\n\t\t\t\t\t\t\t\t\r\n\t\t\r\n        <a href=\"https:\/\/consul.mehmetsahinalanya.com\/tr\/blog\/visa-application-requirements-for-students-studying-for-more-than-one-year\/\" title=\"Bir y\u0131ldan uzun s\u00fcre \u00f6\u011frenim g\u00f6recek \u00f6\u011frenciler i\u00e7in vize ba\u015fvuru ko\u015fullar\u0131\">\r\n\t\t        <img src=\"https:\/\/consul.mehmetsahinalanya.com\/wp-content\/uploads\/2012\/11\/students-280x180.jpg\" alt=\"Bir y\u0131ldan uzun s\u00fcre \u00f6\u011frenim g\u00f6recek \u00f6\u011frenciler i\u00e7in vize ba\u015fvuru ko\u015fullar\u0131\" title=\"Bir y\u0131ldan uzun s\u00fcre \u00f6\u011frenim g\u00f6recek \u00f6\u011frenciler i\u00e7in vize ba\u015fvuru ko\u015fullar\u0131\"\/>\r\n        <\/a>\r\n\t\t\r\n        \t\t\t\t\r\n\t\t\r\n\t\t\r\n\t\t\t\t\r\n\t\t\r\n\t\t\r\n\t\t\t\t\r\n\t\t\r\n\t\t\r\n\t\t\t\t\r\n\t\t\r\n\t\t<h1><a href=\"https:\/\/consul.mehmetsahinalanya.com\/tr\/blog\/visa-application-requirements-for-students-studying-for-more-than-one-year\/\" title=\"Bir y\u0131ldan uzun s\u00fcre \u00f6\u011frenim g\u00f6recek \u00f6\u011frenciler i\u00e7in vize ba\u015fvuru ko\u015fullar\u0131\" >Bir y\u0131ldan uzun s\u00fcre \u00f6\u011frenim g\u00f6recek \u00f6\u011frenciler i\u00e7in vize ba\u015fvuru ko\u015fullar\u0131 &raquo;<\/a><\/h1>\r\n\t  \r\n\t    <div class=\"post_meta_line\" style=\"\">\r\n\t\t    <span class=\"post_time\">Tarih: 03\/11\/12<\/span> \r\n\t\t\t<span class=\"post_category\">: <a href=\"https:\/\/consul.mehmetsahinalanya.com\/tr\/category\/blog\/\" rel=\"tag\">Blog<\/a><\/span>\r\n\t\t<\/div> \r\n\t\t\r\n\t\t\t\t\t\r\n\t    <div class=\"post_excerpt\">\r\n\t    Bir y\u0131ldan uzun s\u00fcre \u00f6\u011frenim g\u00f6recek \u00f6\u011frenciler i\u00e7in vize ba\u015fvuru ko\u015fullar\u0131        <\/div>\r\n\t\r\n        \r\n\t    <p class=\"home_tags\" style=\"\">\r\n\t\t\t\t<\/p>\r\n\t\t\r\n       <\/div>\r\n\t   \r\n\t  \r\n\t\t<div class=\"home_posts_one format_post\">\r\n\r\n\t\t<div class=\"post_format_box\">\r\n\t\t\r\n\t\t\t\t<div class=\"post_format\"><\/div>\r\n        \t\t\r\n\t\t\t\t\r\n\t\t\t\t\r\n\t\t\t\t\r\n        <\/div>\r\n\t\t\r\n\r\n\t\t\r\n\t\t\t\t\t\t\t\t\r\n\t\t\r\n        <a href=\"https:\/\/consul.mehmetsahinalanya.com\/tr\/blog\/documents-required-for-internship-non-erasmus-students-who-will-continue-for-more-than-90-days\/\" title=\"90 g\u00fcnden fazla s\u00fcrecek olan (Erasmus olmayan) staj yapacak \u00f6\u011frenciler i\u00e7in gerekli evraklar\">\r\n\t\t        <img src=\"https:\/\/consul.mehmetsahinalanya.com\/wp-content\/uploads\/2012\/01\/student-interns-280x180.jpg\" alt=\"90 g\u00fcnden fazla s\u00fcrecek olan (Erasmus olmayan) staj yapacak \u00f6\u011frenciler i\u00e7in gerekli evraklar\" title=\"90 g\u00fcnden fazla s\u00fcrecek olan (Erasmus olmayan) staj yapacak \u00f6\u011frenciler i\u00e7in gerekli evraklar\"\/>\r\n        <\/a>\r\n\t\t\r\n        \t\t\t\t\r\n\t\t\r\n\t\t\r\n\t\t\t\t\r\n\t\t\r\n\t\t\r\n\t\t\t\t\r\n\t\t\r\n\t\t\r\n\t\t\t\t\r\n\t\t\r\n\t\t<h1><a href=\"https:\/\/consul.mehmetsahinalanya.com\/tr\/blog\/documents-required-for-internship-non-erasmus-students-who-will-continue-for-more-than-90-days\/\" title=\"90 g\u00fcnden fazla s\u00fcrecek olan (Erasmus olmayan) staj yapacak \u00f6\u011frenciler i\u00e7in gerekli evraklar\" >90 g\u00fcnden fazla s\u00fcrecek olan (Erasmus olmayan) staj yapacak \u00f6\u011frenciler i\u00e7in gerekli evraklar &raquo;<\/a><\/h1>\r\n\t  \r\n\t    <div class=\"post_meta_line\" style=\"\">\r\n\t\t    <span class=\"post_time\">Tarih: 13\/01\/12<\/span> \r\n\t\t\t<span class=\"post_category\">: <a href=\"https:\/\/consul.mehmetsahinalanya.com\/tr\/category\/blog\/\" rel=\"tag\">Blog<\/a><\/span>\r\n\t\t<\/div> \r\n\t\t\r\n\t\t\t\t\t\r\n\t    <div class=\"post_excerpt\">\r\n\t    90 g\u00fcnden fazla s\u00fcrecek olan (Erasmus olmayan) staj yapacak \u00f6\u011frenciler i\u00e7in gerekli evraklar        <\/div>\r\n\t\r\n        \r\n\t    <p class=\"home_tags\" style=\"\">\r\n\t\t\t\t<\/p>\r\n\t\t\r\n       <\/div>\r\n\t   \r\n\t  \t  \r\n<\/div>\r\n<div class=\"clear\"><\/div>\r\n\r\n<\/p>","protected":false},"excerpt":{"rendered":"<p><a href=\"https:\/\/visa.vrm.lt\/epm\/pages\/applications\/applicationEdit.xhtml\" target=\"_blank\" rel=\"noopener noreferrer\">Ulusal (D) vize ON-LINE elektronik ba\u015fvuru formu doldurulmas\u0131<\/a> (l\u00fctfen D-Ulusal\u00a0 se\u00e7ene\u011fini se\u00e7in, t\u00fcm sayfalar\u0131n \u00e7\u0131kt\u0131s\u0131n\u0131 al\u0131n, her bir sayfay\u0131<\/p>\n","protected":false},"author":1,"featured_media":0,"parent":0,"menu_order":0,"comment_status":"open","ping_status":"open","template":"home.php","meta":[],"_links":{"self":[{"href":"https:\/\/consul.mehmetsahinalanya.com\/tr\/wp-json\/wp\/v2\/pages\/18"}],"collection":[{"href":"https:\/\/consul.mehmetsahinalanya.com\/tr\/wp-json\/wp\/v2\/pages"}],"about":[{"href":"https:\/\/consul.mehmetsahinalanya.com\/tr\/wp-json\/wp\/v2\/types\/page"}],"author":[{"embeddable":true,"href":"https:\/\/consul.mehmetsahinalanya.com\/tr\/wp-json\/wp\/v2\/users\/1"}],"replies":[{"embeddable":true,"href":"https:\/\/consul.mehmetsahinalanya.com\/tr\/wp-json\/wp\/v2\/comments?post=18"}],"version-history":[{"count":4,"href":"https:\/\/consul.mehmetsahinalanya.com\/tr\/wp-json\/wp\/v2\/pages\/18\/revisions"}],"predecessor-version":[{"id":1309,"href":"https:\/\/consul.mehmetsahinalanya.com\/tr\/wp-json\/wp\/v2\/pages\/18\/revisions\/1309"}],"wp:attachment":[{"href":"https:\/\/consul.mehmetsahinalanya.com\/tr\/wp-json\/wp\/v2\/media?parent=18"}],"curies":[{"name":"wp","href":"https:\/\/api.w.org\/{rel}","templated":true}]}}