{"id":1087,"date":"2013-02-01T08:37:33","date_gmt":"2013-02-01T08:37:33","guid":{"rendered":"http:\/\/localhost\/blogster\/?page_id=2"},"modified":"2019-10-21T16:49:14","modified_gmt":"2019-10-21T13:49:14","slug":"mehmet-sahin","status":"publish","type":"page","link":"https:\/\/consul.mehmetsahinalanya.com\/tr\/mehmet-sahin\/","title":{"rendered":"Mehmet \u015eahin"},"content":{"rendered":"<p><div class=\"onehalf no-padding\" style=\"text-align:;\"><img decoding=\"async\" loading=\"lazy\" class=\"alignnone size-medium wp-image-1221\" src=\"\/wp-content\/uploads\/2019\/10\/msahin_profil-300x207.jpg\" alt=\"\" width=\"300\" height=\"207\" srcset=\"https:\/\/consul.mehmetsahinalanya.com\/wp-content\/uploads\/2019\/10\/msahin_profil-300x207.jpg 300w, https:\/\/consul.mehmetsahinalanya.com\/wp-content\/uploads\/2019\/10\/msahin_profil.jpg 420w\" sizes=\"(max-width: 300px) 100vw, 300px\" \/><\/div><div class=\"one_half_last \" style=\"text-align:;\"><\/p>\n<h4>Mehmet \u015eAH\u0130N<\/h4>\n<p>Litvanya Fahri Konsolosu<\/p>\n<p class=\"single-entry\">Alanya Ticaret ve Sanayi Odas\u0131 Ba\u015fkan\u0131<br \/>\nTOBB Ticaret ve Sanayi Odalar\u0131 Konsey \u00dcyesi<\/p>\n<p><\/div><div class=\"clear\"><\/div><div class=\"divider_space\" style=\"height: px;\"><\/div><div class=\"clear\"><\/div><br \/>\n05 Ocak 1972 Tarihinde Alanya\u2019da d\u00fcnyaya gelen Mehmet \u015eahin, \u00e7ok k\u00fc\u00e7\u00fck ya\u015flarda ba\u015flad\u0131\u011f\u0131 \u00e7al\u0131\u015fma hayat\u0131n\u0131n ilerleyen b\u00f6l\u00fcmlerinde ticarete at\u0131ld\u0131.<\/p>\n<p>Ticaretteki ba\u015far\u0131s\u0131n\u0131 siyasette de g\u00f6steren Mehmet \u015eahin, 2004-2009 Y\u0131llar\u0131 aras\u0131nda AK Parti Alanya \u0130l\u00e7e Y\u00f6netim Kurulu Ba\u015fkan Yard\u0131mc\u0131l\u0131\u011f\u0131 ve 2007 Y\u0131l\u0131nda bir d\u00f6nem de \u0130l\u00e7e Ba\u015fkanl\u0131\u011f\u0131 g\u00f6revinde bulundu.<\/p>\n<p>2003-2004 Futbol sezonunda gurubunda \u015fampiyon olarak bir \u00fcst lige y\u00fckselen Alanyaspor\u2019da ba\u015fkan yard\u0131mc\u0131s\u0131 olarak ba\u015far\u0131da pay sahibi oldu. 2010 Y\u0131l\u0131nda Alanya D\u00f6vizciler Birli\u011fi\u2019ni kuran ve bu sekt\u00f6rde ba\u015far\u0131l\u0131 \u00e7al\u0131\u015fmalara imza atan \u015eahin, 2013 Haziran ay\u0131nda Alanya Ticaret ve Sanayi Odas\u0131 (ALTSO) se\u00e7imlerini kazanarak Y\u00f6netim Kurulu Ba\u015fkan\u0131 oldu.<\/p>\n<p>Ba\u015far\u0131l\u0131 \u00e7al\u0131\u015fmalar\u0131 nedeniyle T\u00fcrkiye Odalar ve Borsalar Birli\u011fi (TOBB) Ticaret ve Sanayi Odalar\u0131 Konsey \u00dcyeli\u011fine se\u00e7ildi. \u015eahin 2018 Nisan ay\u0131 se\u00e7imlerini de kazanarak bir d\u00f6nem daha Alanya Ticaret ve Sanayi Odas\u0131 Ba\u015fkan\u0131 olarak Alanya\u2019ya hizmet etmeye hak kazand\u0131.<\/p>\n<p>2018 Aral\u0131k ay\u0131nda Litvanya Cumhuriyeti Alanya Fahri Konsolosu oldu. Konsolosluk Berat\u0131n\u0131 T\u00fcrkiye Cumhuriyeti D\u0131\u015fi\u015fleri Bakan\u0131 Mevl\u00fct \u00c7avu\u015fo\u011flu ve Litvanya Cumhuriyeti D\u0131\u015fi\u015fleri Bakan\u0131 Linas Linkevi\u010dius\u2019un elinden ald\u0131. Ankara\u2019da i\u015fadamlar\u0131, \u00f6\u011frenciler ve b\u00fcrokraside i\u015fi olan Alanya Halk\u0131na y\u00f6nelik olarak ALTSO Ankara \u0130rtibat Ofisi\u2019ni kurdu. Bu hizmetle b\u00f6lgenin b\u00fcy\u00fck bir ihtiyac\u0131n\u0131 gidererek takdir toplad\u0131. Alanya\u2019n\u0131n tan\u0131t\u0131m\u0131 konusundaki \u00e7al\u0131\u015fmalara \u00f6nc\u00fcl\u00fck yapt\u0131.<\/p>\n<p>Bir\u00e7ok yabanc\u0131 \u00fclke b\u00fcy\u00fckel\u00e7ilikleri ile kurdu\u011fu yak\u0131n ili\u015fkiler sayesinde ba\u015fkanl\u0131k s\u00fcresi i\u00e7inde \u00e7ok say\u0131da KOSGEB Destekli Yurt D\u0131\u015f\u0131 \u0130\u015f gezisi ve fuar\u0131n ger\u00e7ekle\u015ftirilmesinde \u00f6nc\u00fcl\u00fck yapt\u0131. \u015eahin\u2019in ba\u015fkanl\u0131\u011f\u0131 d\u00f6neminde Alanya Ticaret ve Sanayi Odas\u0131 tarihinde ilk kez yurt d\u0131\u015f\u0131nda tan\u0131t\u0131m stand\u0131 a\u00e7t\u0131. \u00c7ok say\u0131da i\u015f adam\u0131n\u0131n bu fuar ve geziler sayesinde yurt d\u0131\u015f\u0131 i\u015f deneyimi kazanmas\u0131nda etkin rol oynad\u0131. Sivil toplum kurulu\u015flar\u0131 ile i\u015fbirli\u011fi i\u00e7inde \u00e7ok say\u0131da ekonomik ve toplum destekli projeyi hayata ge\u00e7irdi.<\/p>\n<p>Uzun y\u0131llard\u0131r b\u00f6lge tar\u0131m sekt\u00f6r\u00fcn\u00fcn umutla bekledi\u011fi Sebze ve Meyve Toptanc\u0131 Hali projesini haz\u0131rlad\u0131. Tar\u0131m sekt\u00f6r\u00fcne y\u00f6nelik de \u00f6nemli \u00e7al\u0131\u015fmalara imza att\u0131. Avokado ve Mu\u015fmula olarak bilinen Yeni D\u00fcnya meyvesinin Co\u011frafi i\u015faretinin al\u0131nmas\u0131nda \u00f6nc\u00fcl\u00fck yapt\u0131. Bu iki meyve literat\u00fcre Alanya Yeni D\u00fcnyas\u0131 ve Alanya avokadosu olarak girdi. Yeni D\u00fcnya meyvesinin ekonomik de\u011ferini artt\u0131rmaya y\u00f6nelik \u00e7al\u0131\u015fmalar kapsam\u0131nda bu meyvenin kurutulmu\u015funu da haz\u0131rlatt\u0131.<\/p>\n<p>B\u00f6lgemizin en \u00e7ok ihtiya\u00e7 duydu\u011fu \u0130malat\u00e7\u0131 Sanayi Sitesi ve Golf Merkezleri gibi konularda \u00f6nc\u00fcl\u00fck yapt\u0131. Alternatif turizm yat\u0131r\u0131mlar\u0131 ve turizm sezonun 12 aya yay\u0131lmas\u0131 gibi konularda \u00e7al\u0131\u015fmalarda bulundu. Alanya\u2019da \u00fcniversite kurulmas\u0131 ve y\u00fcksek \u00f6\u011frenimin yayg\u0131nla\u015fmas\u0131 konusunda y\u00fcr\u00fct\u00fclen \u00e7al\u0131\u015fmalarda aktif rol \u00fcstlendi. Bu \u00e7al\u0131\u015fmalara verdi\u011fi en b\u00fcy\u00fck destek ise ALTSO Turizm Meslek Y\u00fcksekokulu oldu. \u015eahin bu okulu 5,5 ay gibi rekor s\u00fcrede Alanya\u2019m\u0131za kazand\u0131rd\u0131. Orta \u00f6\u011fretim ve mesleki e\u011fitim konular\u0131nda da \u00e7ok \u00f6nemli \u00e7al\u0131\u015fmalara imza att\u0131.<\/p>\n<p>G\u00f6reve geldi\u011fi g\u00fcnden bu yana d\u00fczenledi\u011fi say\u0131s\u0131z e\u011fitimlerde binlerce oda \u00fcyesi ve \u00e7al\u0131\u015fanlar\u0131 i\u00e7in sertifika programlar\u0131 d\u00fczenledi. \u00dclkemizde ya\u015fayan di\u011fer \u00fclke vatanda\u015flar\u0131n\u0131n sorunlar\u0131n\u0131n \u00e7\u00f6z\u00fcm\u00fcne y\u00f6nelik ciddi \u00e7al\u0131\u015fmalarda bulundu. \u00d6zellikle yabanc\u0131 uyruklular\u0131n T\u00fcrkiye\u2019de ikamet izni, \u00e7al\u0131\u015fma izni ve m\u00fclk ediniminin kolayla\u015ft\u0131r\u0131lmas\u0131 konusunda hem T\u00fcrkiye Odalar ve Borsalar Birli\u011fi ve hem de T\u00fcrkiye B\u00fcy\u00fck Millet Meclisi d\u00fczeyinde y\u00fcr\u00fctt\u00fc\u011f\u00fc \u00e7al\u0131\u015fmalar takdirle kar\u015f\u0131land\u0131. Gen\u00e7 ve Kad\u0131n giri\u015fimcilerin say\u0131s\u0131n\u0131n artmas\u0131 ve te\u015fvik edilmesine y\u00f6nelik bir\u00e7ok faaliyete ba\u015fkanl\u0131k yapt\u0131.<\/p>\n<p>\u015eahin\u2019in halen in\u015faat ve emlak sekt\u00f6rlerinde faaliyet g\u00f6steren \u015firketleri bulunmaktad\u0131r. Mehmet \u015eahin 2 erkek \u00e7ocuk babas\u0131d\u0131r.<\/p>","protected":false},"excerpt":{"rendered":"<p> 05 Ocak 1972 Tarihinde Alanya\u2019da d\u00fcnyaya gelen Mehmet \u015eahin, \u00e7ok k\u00fc\u00e7\u00fck ya\u015flarda ba\u015flad\u0131\u011f\u0131 \u00e7al\u0131\u015fma hayat\u0131n\u0131n ilerleyen b\u00f6l\u00fcmlerinde ticarete at\u0131ld\u0131.<\/p>\n<p>Ticaretteki ba\u015far\u0131s\u0131n\u0131 siyasette<\/p>\n","protected":false},"author":1,"featured_media":0,"parent":0,"menu_order":0,"comment_status":"open","ping_status":"open","template":"","meta":[],"_links":{"self":[{"href":"https:\/\/consul.mehmetsahinalanya.com\/tr\/wp-json\/wp\/v2\/pages\/1087"}],"collection":[{"href":"https:\/\/consul.mehmetsahinalanya.com\/tr\/wp-json\/wp\/v2\/pages"}],"about":[{"href":"https:\/\/consul.mehmetsahinalanya.com\/tr\/wp-json\/wp\/v2\/types\/page"}],"author":[{"embeddable":true,"href":"https:\/\/consul.mehmetsahinalanya.com\/tr\/wp-json\/wp\/v2\/users\/1"}],"replies":[{"embeddable":true,"href":"https:\/\/consul.mehmetsahinalanya.com\/tr\/wp-json\/wp\/v2\/comments?post=1087"}],"version-history":[{"count":4,"href":"https:\/\/consul.mehmetsahinalanya.com\/tr\/wp-json\/wp\/v2\/pages\/1087\/revisions"}],"predecessor-version":[{"id":1431,"href":"https:\/\/consul.mehmetsahinalanya.com\/tr\/wp-json\/wp\/v2\/pages\/1087\/revisions\/1431"}],"wp:attachment":[{"href":"https:\/\/consul.mehmetsahinalanya.com\/tr\/wp-json\/wp\/v2\/media?parent=1087"}],"curies":[{"name":"wp","href":"https:\/\/api.w.org\/{rel}","templated":true}]}}