{"id":18,"date":"2012-12-18T10:59:38","date_gmt":"2012-12-18T10:59:38","guid":{"rendered":"http:\/\/royalwpthemes.com\/breakingnews\/?page_id=18"},"modified":"2019-10-08T17:08:06","modified_gmt":"2019-10-08T14:08:06","slug":"home","status":"publish","type":"page","link":"https:\/\/consul.mehmetsahinalanya.com\/lt\/","title":{"rendered":"Titulinis"},"content":{"rendered":"<p>\t\r\n<div class=\"jcarousel_container\">\r\n<div class=\"home_posts_title\" style=\"background-color: #;\"><h2>\r\n<a href=\"?cat=1\">Naujausi naujienos<\/a>\r\n<\/h2><\/div>\r\n<ul class=\"jcarousel-skin-tango\">\r\n\t\t\t\t\r\n\t\t<li>\r\n\t\t<div class=\"carousel_post format_post\">\r\n\r\n\t\t<div class=\"post_format_box\">\r\n\t\t\r\n\t\t\t\t<div class=\"post_format\"><\/div>\r\n        \t\t\r\n\t\t\t\t\r\n\t\t\t\t\r\n\t\t\t\t\r\n        <\/div>\r\n\t\t\r\n\r\n\t\t\r\n\t\t\t\t\t\t\t\t\r\n\t\t\r\n        <a href=\"https:\/\/consul.mehmetsahinalanya.com\/lt\/news\/the-baltic-way-in-turkey\/\" title=\"\u201eBaltijos kelias\u201c pristatytas Turkijos visuomenei\">\r\n\t\t        <img src=\"https:\/\/consul.mehmetsahinalanya.com\/wp-content\/uploads\/2013\/01\/91183_8bc34ad36bc78f88eaa13b44e37054e3-280x180.jpg\" alt=\"\u201eBaltijos kelias\u201c pristatytas Turkijos visuomenei\" title=\"\u201eBaltijos kelias\u201c pristatytas Turkijos visuomenei\"\/>\r\n        <\/a>\r\n\t\t\r\n        \t\t\t\t\r\n\t\t\r\n\t\t\r\n\t\t\r\n\t\t\t\t\r\n\t\t\r\n\t\t\r\n\t\t\t\t<div class=\"clear\"><\/div>\r\n\t\t\r\n\t\t<h1><a href=\"https:\/\/consul.mehmetsahinalanya.com\/lt\/news\/the-baltic-way-in-turkey\/\" title=\"\u201eBaltijos kelias\u201c pristatytas Turkijos visuomenei\" >\u201eBaltijos kelias\u201c pristatytas Turkijos visuomenei &raquo;<\/a><\/h1>\r\n\t  \r\n\t    <div class=\"post_meta_line\" style=\"\">\r\n\t\t    <span class=\"post_time\">Data: 25\/09\/19<\/span> \r\n\t\t\t<span class=\"post_category\">: <a href=\"https:\/\/consul.mehmetsahinalanya.com\/lt\/category\/featured\/\" rel=\"tag\">Specialusis<\/a>, <a href=\"https:\/\/consul.mehmetsahinalanya.com\/lt\/category\/news\/\" rel=\"tag\">Naujienos<\/a><\/span>\r\n\t\t<\/div> \r\n\t\t\r\n\t\t\t\t\t    <div class=\"post_excerpt\">\r\n\t    Rugs\u0117jo 23 dien\u0105 Lietuvos respublikos ambasada kartu su Estijos ir Latvijos ambasadomis Turkijos Respublikos sostin\u0117je Ankaroje pamin\u0117jo \u201eBaltijos kelio\u201c 30-\u0105sias metines.        <\/div>\r\n        \t\t\r\n        <\/div>\r\n\t    <\/li>\r\n\t   \r\n\t\t\t\r\n\t\t<li>\r\n\t\t<div class=\"carousel_post format_post\">\r\n\r\n\t\t<div class=\"post_format_box\">\r\n\t\t\r\n\t\t\t\t<div class=\"post_format\"><\/div>\r\n        \t\t\r\n\t\t\t\t\r\n\t\t\t\t\r\n\t\t\t\t\r\n        <\/div>\r\n\t\t\r\n\r\n\t\t\r\n\t\t\t\t\t\t\t\t\r\n\t\t\r\n        <a href=\"https:\/\/consul.mehmetsahinalanya.com\/lt\/news\/celebrating-natos-70th-anniversary-in-turkey\/\" title=\"Lietuva ir Turkija mini NATO 70-met\u012f\">\r\n\t\t        <img src=\"https:\/\/consul.mehmetsahinalanya.com\/wp-content\/uploads\/2019\/03\/89062_d1437cab3ba9a651c73634b2dd897b91-280x180.jpg\" alt=\"Lietuva ir Turkija mini NATO 70-met\u012f\" title=\"Lietuva ir Turkija mini NATO 70-met\u012f\"\/>\r\n        <\/a>\r\n\t\t\r\n        \t\t\t\t\r\n\t\t\r\n\t\t\r\n\t\t\r\n\t\t\t\t\r\n\t\t\r\n\t\t\r\n\t\t\t\t<div class=\"clear\"><\/div>\r\n\t\t\r\n\t\t<h1><a href=\"https:\/\/consul.mehmetsahinalanya.com\/lt\/news\/celebrating-natos-70th-anniversary-in-turkey\/\" title=\"Lietuva ir Turkija mini NATO 70-met\u012f\" >Lietuva ir Turkija mini NATO 70-met\u012f &raquo;<\/a><\/h1>\r\n\t  \r\n\t    <div class=\"post_meta_line\" style=\"\">\r\n\t\t    <span class=\"post_time\">Data: 27\/03\/19<\/span> \r\n\t\t\t<span class=\"post_category\">: <a href=\"https:\/\/consul.mehmetsahinalanya.com\/lt\/category\/featured\/\" rel=\"tag\">Specialusis<\/a>, <a href=\"https:\/\/consul.mehmetsahinalanya.com\/lt\/category\/news\/\" rel=\"tag\">Naujienos<\/a><\/span>\r\n\t\t<\/div> \r\n\t\t\r\n\t\t\t\t\t    <div class=\"post_excerpt\">\r\n\t    Ruo\u0161damasis min\u0117ti NATO 70-met\u012f, ambasadorius Audrius Br\u016bzga 2019 m. kovo 26 d. Ankaroje susitiko su Turkijos Gynybos ministru Hulusi Akar.        <\/div>\r\n        \t\t\r\n        <\/div>\r\n\t    <\/li>\r\n\t   \r\n\t\t\t\r\n\t\t<li>\r\n\t\t<div class=\"carousel_post format_post\">\r\n\r\n\t\t<div class=\"post_format_box\">\r\n\t\t\r\n\t\t\t\t<div class=\"post_format\"><\/div>\r\n        \t\t\r\n\t\t\t\t\r\n\t\t\t\t\r\n\t\t\t\t\r\n        <\/div>\r\n\t\t\r\n\r\n\t\t\r\n\t\t\t\t\t\t\t\t\r\n\t\t\r\n        <a href=\"https:\/\/consul.mehmetsahinalanya.com\/lt\/news\/kick-off-meeting-of-the-project-a-roadmap-for-smart-city-in-corum\/\" title=\"Pirmasis projekto \u201ePa\u017eangaus miesto planas&#8221; partneri\u0173 susitikimas \u00c7orum mieste\">\r\n\t\t        <img src=\"https:\/\/consul.mehmetsahinalanya.com\/wp-content\/uploads\/2012\/12\/89027_2ed7b609047289eab1056d37d4f46047-280x180.jpg\" alt=\"Pirmasis projekto \u201ePa\u017eangaus miesto planas&#8221; partneri\u0173 susitikimas \u00c7orum mieste\" title=\"Pirmasis projekto \u201ePa\u017eangaus miesto planas&#8221; partneri\u0173 susitikimas \u00c7orum mieste\"\/>\r\n        <\/a>\r\n\t\t\r\n        \t\t\t\t\r\n\t\t\r\n\t\t\r\n\t\t\r\n\t\t\t\t\r\n\t\t\r\n\t\t\r\n\t\t\t\t<div class=\"clear\"><\/div>\r\n\t\t\r\n\t\t<h1><a href=\"https:\/\/consul.mehmetsahinalanya.com\/lt\/news\/kick-off-meeting-of-the-project-a-roadmap-for-smart-city-in-corum\/\" title=\"Pirmasis projekto \u201ePa\u017eangaus miesto planas&#8221; partneri\u0173 susitikimas \u00c7orum mieste\" >Pirmasis projekto \u201ePa\u017eangaus miesto planas&#8221; partneri\u0173 susitikimas \u00c7orum mieste &raquo;<\/a><\/h1>\r\n\t  \r\n\t    <div class=\"post_meta_line\" style=\"\">\r\n\t\t    <span class=\"post_time\">Data: 12\/03\/19<\/span> \r\n\t\t\t<span class=\"post_category\">: <a href=\"https:\/\/consul.mehmetsahinalanya.com\/lt\/category\/featured\/\" rel=\"tag\">Specialusis<\/a>, <a href=\"https:\/\/consul.mehmetsahinalanya.com\/lt\/category\/news\/\" rel=\"tag\">Naujienos<\/a><\/span>\r\n\t\t<\/div> \r\n\t\t\r\n\t\t\t\t\t    <div class=\"post_excerpt\">\r\n\t    Kovo 8 d.  \u00c7orum mieste \u012fvyko pirmasis projekto \u201ePa\u017eangaus miesto planas\" partneri\u0173 susitikimas. Pagrindinis \u0161io projekto tikslas \u2013 sukurti i\u0161mani\u0105, projekte dalyvaujan\u010di\u0173 savivaldybi\u0173 miest\u0173, platform\u0105 inovatyvi\u0173 sprendim\u0173 apsikeitimui ir j\u0105 patalpinti \u012f elektronin\u0119 erdv\u0119 bei, be kita ko, paskatinti bendradarbiavim\u0105 tarp Tel\u0161i\u0173 ir \u00c7orum miest\u0173 savivaldybi\u0173.        <\/div>\r\n        \t\t\r\n        <\/div>\r\n\t    <\/li>\r\n\t   \r\n\t\t\t\r\n\t\t<li>\r\n\t\t<div class=\"carousel_post format_post\">\r\n\r\n\t\t<div class=\"post_format_box\">\r\n\t\t\r\n\t\t\t\t<div class=\"post_format\"><\/div>\r\n        \t\t\r\n\t\t\t\t\r\n\t\t\t\t\r\n\t\t\t\t\r\n        <\/div>\r\n\t\t\r\n\r\n\t\t\r\n\t\t\t\t\t\t\t\t\r\n\t\t\r\n        <a href=\"https:\/\/consul.mehmetsahinalanya.com\/lt\/news\/lithuania-opens-its-honorary-consulate-in-alanya\/\" title=\"Alanijoje atidarytas Lietuvos garb\u0117s konsulatas\">\r\n\t\t        <img src=\"https:\/\/consul.mehmetsahinalanya.com\/wp-content\/uploads\/2012\/12\/87565_1c9a7b93170a1b9dc195ea3e70eeb88e-280x180.jpg\" alt=\"Alanijoje atidarytas Lietuvos garb\u0117s konsulatas\" title=\"Alanijoje atidarytas Lietuvos garb\u0117s konsulatas\"\/>\r\n        <\/a>\r\n\t\t\r\n        \t\t\t\t\r\n\t\t\r\n\t\t\r\n\t\t\r\n\t\t\t\t\r\n\t\t\r\n\t\t\r\n\t\t\t\t<div class=\"clear\"><\/div>\r\n\t\t\r\n\t\t<h1><a href=\"https:\/\/consul.mehmetsahinalanya.com\/lt\/news\/lithuania-opens-its-honorary-consulate-in-alanya\/\" title=\"Alanijoje atidarytas Lietuvos garb\u0117s konsulatas\" >Alanijoje atidarytas Lietuvos garb\u0117s konsulatas &raquo;<\/a><\/h1>\r\n\t  \r\n\t    <div class=\"post_meta_line\" style=\"\">\r\n\t\t    <span class=\"post_time\">Data: 11\/12\/18<\/span> \r\n\t\t\t<span class=\"post_category\">: <a href=\"https:\/\/consul.mehmetsahinalanya.com\/lt\/category\/featured\/\" rel=\"tag\">Specialusis<\/a>, <a href=\"https:\/\/consul.mehmetsahinalanya.com\/lt\/category\/news\/\" rel=\"tag\">Naujienos<\/a><\/span>\r\n\t\t<\/div> \r\n\t\t\r\n\t\t\t\t\t    <div class=\"post_excerpt\">\r\n\t    Gruod\u017eio 8 dien\u0105 Alanijos mieste, Turkijoje, oficialiai atidarytas \u0161e\u0161tasis Lietuvos Respublikos garb\u0117s konsulatas \u0161ioje \u0161alyje.        <\/div>\r\n        \t\t\r\n        <\/div>\r\n\t    <\/li>\r\n\t   \r\n\t\t\t\r\n\t\t<li>\r\n\t\t<div class=\"carousel_post format_post\">\r\n\r\n\t\t<div class=\"post_format_box\">\r\n\t\t\r\n\t\t\t\t<div class=\"post_format\"><\/div>\r\n        \t\t\r\n\t\t\t\t\r\n\t\t\t\t\r\n\t\t\t\t\r\n        <\/div>\r\n\t\t\r\n\r\n\t\t\r\n\t\t\t\t\t\t\t\t\r\n\t\t\r\n        <a href=\"https:\/\/consul.mehmetsahinalanya.com\/lt\/news\/foreign-minister-cavusoglu-is-in-lithuania\/\" title=\"Foreign Minister \u00c7avu\u015fo\u011flu is in Lithuania\">\r\n\t\t        <img src=\"https:\/\/consul.mehmetsahinalanya.com\/wp-content\/uploads\/2015\/04\/cavusoglu-litvanya-2015-280x180.jpg\" alt=\"Foreign Minister \u00c7avu\u015fo\u011flu is in Lithuania\" title=\"Foreign Minister \u00c7avu\u015fo\u011flu is in Lithuania\"\/>\r\n        <\/a>\r\n\t\t\r\n        \t\t\t\t\r\n\t\t\r\n\t\t\r\n\t\t\r\n\t\t\t\t\r\n\t\t\r\n\t\t\r\n\t\t\t\t<div class=\"clear\"><\/div>\r\n\t\t\r\n\t\t<h1><a href=\"https:\/\/consul.mehmetsahinalanya.com\/lt\/news\/foreign-minister-cavusoglu-is-in-lithuania\/\" title=\"Foreign Minister \u00c7avu\u015fo\u011flu is in Lithuania\" >Foreign Minister \u00c7avu\u015fo\u011flu is in Lithuania &raquo;<\/a><\/h1>\r\n\t  \r\n\t    <div class=\"post_meta_line\" style=\"\">\r\n\t\t    <span class=\"post_time\">Data: 04\/04\/15<\/span> \r\n\t\t\t<span class=\"post_category\">: <a href=\"https:\/\/consul.mehmetsahinalanya.com\/lt\/category\/news\/\" rel=\"tag\">Naujienos<\/a><\/span>\r\n\t\t<\/div> \r\n\t\t\r\n\t\t\t\t\t    <div class=\"post_excerpt\">\r\n\t    Minister of Foreign Affairs Mevl\u00fct \u00c7avu\u015fo\u011flu paid an official visit to the Republic of Lithuania on 3 April 2015, upon the invitation of Linas Linkevi\u010dius, Minister of Foreign Affairs of the Republic of Lithuania.        <\/div>\r\n        \t\t\r\n        <\/div>\r\n\t    <\/li>\r\n\t   \r\n\t<\/ul>\r\n<\/div>\r\n<div class=\"clear\"><\/div>\r\n\r\n \t\r\n<div class=\"home_posts_container\">\r\n<div class=\"home_posts_title\" style=\"background-color: #ff8a00;\"><h2>\r\n<a href=\"?cat=2\">Dienora\u0161tis<\/a>\r\n<\/h2><a href=\"?cat=2\"><span><\/span><\/a><\/div>\r\n\r\n\t\t\r\n\t\t<div class=\"home_posts_one format_post\">\r\n\r\n\t\t<div class=\"post_format_box\">\r\n\t\t\r\n\t\t\t\t<div class=\"post_format\"><\/div>\r\n        \t\t\r\n\t\t\t\t\r\n\t\t\t\t\r\n\t\t\t\t\r\n        <\/div>\r\n\t\t\r\n\r\n\t\t\r\n\t\t\t\t\t\t\t\t\r\n\t\t\r\n        <a href=\"https:\/\/consul.mehmetsahinalanya.com\/lt\/blog\/oz\/\" title=\"Commercial and Economic Relations between Turkey and Lithuania\">\r\n\t\t        <img src=\"https:\/\/consul.mehmetsahinalanya.com\/wp-content\/uploads\/2013\/02\/economy-280x180.jpg\" alt=\"Commercial and Economic Relations between Turkey and Lithuania\" title=\"Commercial and Economic Relations between Turkey and Lithuania\"\/>\r\n        <\/a>\r\n\t\t\r\n        \t\t\t\t\r\n\t\t\r\n\t\t\r\n\t\t\t\t\r\n\t\t\r\n\t\t\r\n\t\t\t\t\r\n\t\t\r\n\t\t\r\n\t\t\t\t\r\n\t\t\r\n\t\t<h1><a href=\"https:\/\/consul.mehmetsahinalanya.com\/lt\/blog\/oz\/\" title=\"Commercial and Economic Relations between Turkey and Lithuania\" >Commercial and Economic Relations between Turkey and Lithuania &raquo;<\/a><\/h1>\r\n\t  \r\n\t    <div class=\"post_meta_line\" style=\"\">\r\n\t\t    <span class=\"post_time\">Data: 04\/02\/13<\/span> \r\n\t\t\t<span class=\"post_category\">: <a href=\"https:\/\/consul.mehmetsahinalanya.com\/lt\/category\/blog\/\" rel=\"tag\">Dienora\u0161tis<\/a><\/span>\r\n\t\t<\/div> \r\n\t\t\r\n\t\t\t\t\t\r\n\t    <div class=\"post_excerpt\">\r\n\t    The bilateral trade volume between Turkey and Lithuania was recorded as 687 million Dollars in 2018, which corresponds to 13 percent decrease compared to the year before (Turkish exports 277 million Dollars; imports 410 million Dollars).        <\/div>\r\n\t\r\n        \r\n\t    <p class=\"home_tags\" style=\"\">\r\n\t\t\t\t<\/p>\r\n\t\t\r\n       <\/div>\r\n\t   \r\n\t  \r\n\t\t<div class=\"home_posts_one format_post\">\r\n\r\n\t\t<div class=\"post_format_box\">\r\n\t\t\r\n\t\t\t\t<div class=\"post_format\"><\/div>\r\n        \t\t\r\n\t\t\t\t\r\n\t\t\t\t\r\n\t\t\t\t\r\n        <\/div>\r\n\t\t\r\n\r\n\t\t\r\n\t\t\t\t\t\t\t\t\r\n\t\t\r\n        <a href=\"https:\/\/consul.mehmetsahinalanya.com\/lt\/blog\/relations-between-turkey-and-lithuania\/\" title=\"Relations between Turkey and Lithuania\">\r\n\t\t        <img src=\"https:\/\/consul.mehmetsahinalanya.com\/wp-content\/uploads\/2013\/02\/relation-280x180.jpg\" alt=\"Relations between Turkey and Lithuania\" title=\"Relations between Turkey and Lithuania\"\/>\r\n        <\/a>\r\n\t\t\r\n        \t\t\t\t\r\n\t\t\r\n\t\t\r\n\t\t\t\t\r\n\t\t\r\n\t\t\r\n\t\t\t\t\r\n\t\t\r\n\t\t\r\n\t\t\t\t\r\n\t\t\r\n\t\t<h1><a href=\"https:\/\/consul.mehmetsahinalanya.com\/lt\/blog\/relations-between-turkey-and-lithuania\/\" title=\"Relations between Turkey and Lithuania\" >Relations between Turkey and Lithuania &raquo;<\/a><\/h1>\r\n\t  \r\n\t    <div class=\"post_meta_line\" style=\"\">\r\n\t\t    <span class=\"post_time\">Data: 02\/02\/13<\/span> \r\n\t\t\t<span class=\"post_category\">: <a href=\"https:\/\/consul.mehmetsahinalanya.com\/lt\/category\/blog\/\" rel=\"tag\">Dienora\u0161tis<\/a>, <a href=\"https:\/\/consul.mehmetsahinalanya.com\/lt\/category\/featured\/\" rel=\"tag\">Specialusis<\/a><\/span>\r\n\t\t<\/div> \r\n\t\t\r\n\t\t\t\t\t\r\n\t    <div class=\"post_excerpt\">\r\n\t    The political relations between Turkey and Lithuania are positively improving. Turkey's support for Lithuania's NATO membership and Lithuania\u2019s support for Turkey\u2019s EU membership negotiations have been instrumental in further strengthening our relations.        <\/div>\r\n\t\r\n        \r\n\t    <p class=\"home_tags\" style=\"\">\r\n\t\t\t\t<\/p>\r\n\t\t\r\n       <\/div>\r\n\t   \r\n\t  \t  \r\n<\/div>\r\n<div class=\"clear\"><\/div>\r\n\r\n<\/p>","protected":false},"excerpt":{"rendered":"<p>Turkey and Lithuania signed the \u201cFriendship Agreement\u201d on 17 September 1930. The occupation and annexation of Lithuania by the Soviet Union has never<\/p>\n","protected":false},"author":1,"featured_media":0,"parent":0,"menu_order":0,"comment_status":"open","ping_status":"open","template":"home.php","meta":[],"_links":{"self":[{"href":"https:\/\/consul.mehmetsahinalanya.com\/lt\/wp-json\/wp\/v2\/pages\/18"}],"collection":[{"href":"https:\/\/consul.mehmetsahinalanya.com\/lt\/wp-json\/wp\/v2\/pages"}],"about":[{"href":"https:\/\/consul.mehmetsahinalanya.com\/lt\/wp-json\/wp\/v2\/types\/page"}],"author":[{"embeddable":true,"href":"https:\/\/consul.mehmetsahinalanya.com\/lt\/wp-json\/wp\/v2\/users\/1"}],"replies":[{"embeddable":true,"href":"https:\/\/consul.mehmetsahinalanya.com\/lt\/wp-json\/wp\/v2\/comments?post=18"}],"version-history":[{"count":4,"href":"https:\/\/consul.mehmetsahinalanya.com\/lt\/wp-json\/wp\/v2\/pages\/18\/revisions"}],"predecessor-version":[{"id":1309,"href":"https:\/\/consul.mehmetsahinalanya.com\/lt\/wp-json\/wp\/v2\/pages\/18\/revisions\/1309"}],"wp:attachment":[{"href":"https:\/\/consul.mehmetsahinalanya.com\/lt\/wp-json\/wp\/v2\/media?parent=18"}],"curies":[{"name":"wp","href":"https:\/\/api.w.org\/{rel}","templated":true}]}}